{"id":127,"date":"2025-02-08T17:18:12","date_gmt":"2025-02-08T17:18:12","guid":{"rendered":"https:\/\/cmentarzewielkiejwojny.pl\/?page_id=127"},"modified":"2025-07-27T12:48:25","modified_gmt":"2025-07-27T12:48:25","slug":"okreg-ix-bochnia","status":"publish","type":"page","link":"https:\/\/cmentarzewielkiejwojny.pl\/index.php\/okreg-ix-bochnia\/","title":{"rendered":"Okr\u0119g IX Bochnia"},"content":{"rendered":"\n<p>&nbsp;&nbsp;&nbsp;&nbsp;&nbsp;&nbsp;&nbsp; Okr\u0119g ten pod wzgl\u0119dem ilo\u015bci cmentarzy za\u0142o\u017conych na jego terenie nale\u017cy do okr\u0119g\u00f3w \u015bredniej wielko\u015bci. Powsta\u0142 na terenach bezpo\u015brednich walk podej\u015bcia do Twierdzy Krak\u00f3w na prze\u0142omie listopada i grudnia 1914 roku oraz p\u00f3\u017aniejszych boj\u00f3w odwrotowych armii rosyjskiej Obejmuje 40 obiekt\u00f3w, kt\u00f3rych \u0142\u0105czna powierzchnia wynosi 17.351 m2, co stanowi 6, 5 % wszystkich cmentarzy zachodnio galicyjskich. Przeci\u0119tna \u015brednia powierzchnia obiektu jest podobna do obiekt\u00f3w w okr\u0119gu brzeskim. Mamy tu, wi\u0119c 6 obiekt\u00f3w du\u017cych powy\u017cej 1&nbsp;000 m2 i 4 obiekty \u015bredniej wielko\u015bci o powierzchni od 500 m2 do 1.000 m2. Pozosta\u0142e to 30 obiekt\u00f3w ma\u0142ych poni\u017cej 500 m2, w tym 10 poni\u017cej 100 m2. 21 z nich stanowi samodzielne za\u0142o\u017cenie przestrzenne, 19 zbudowano przy cmentarzach miejscowych, wyznaniowych czy kapliczkach lub ko\u015bcio\u0142ach. Na ich polach grobowych pochowano \u017co\u0142nierzy armii austrow\u0119gierskiej i rosyjskiej a w cz\u0119\u015bci po\u0142udniowej tak\u017ce armii niemieckiej. Pod wzgl\u0119dem ilo\u015bci pochowanych wyst\u0119puje tu ogromne zr\u00f3\u017cnicowanie od pojedynczej mogi\u0142y oficerskiej do kilkuset pochowanych na cmentarzu 314 w Bochni. Ten ostatni to nie tylko cmentarz garnizonowy, ale tak\u017ce zbiorczy jeszcze do tego reprezentacyjny w okr\u0119gu gdzie pochowani przynale\u017c\u0105 do ponad 80 r\u00f3\u017cnych jednostek i s\u0142u\u017cb.Warto wiedzie\u0107, \u017ce do jego realizacji przyczyni\u0142 si\u0119 konkurs rozpisany w\u015br\u00f3d projektant\u00f3w a kt\u00f3ry wygra\u0142 komendant okr\u0119gu brzeskiego Karl Sch\u00f6lich, kt\u00f3ry tak\u017ce nadzorowa\u0142 jego budow\u0119. Natomiast kierownikiem artystycznym jak i projektantem obiekt\u00f3w w okr\u0119gu by\u0142 Franz Stark. Jako podstawowego budulca u\u017cywano betonu i kamienia \u0142amanego pozyskiwanych z pok\u0142ad\u00f3w lokalnych, co pozwoli\u0142o obni\u017cy\u0107 koszty budowy? Dla budowy ogrodze\u0144 w wi\u0119kszo\u015bci u\u017cyto stalowych rur a tylko w nielicznych przypadkach budowano pe\u0142ne kamienne mury, nakryte betonowym daszkiem. Drewno u\u017cywano raczej do wykonywania ogrodze\u0144 czy cz\u0119\u015b\u0107i wystroju.<\/p>\n\n\n\n<p>&nbsp;&nbsp;&nbsp;&nbsp; Do najciekawszych obiekt\u00f3w okr\u0119gu nale\u017c\u0105 obiekty: 308 i 310 w Leszczynie, pierwszy za du\u017c\u0105 ilo\u015bci\u0105 pomnik\u00f3w, a ten drugi za ciekaw\u0105 okr\u0105g\u0142\u0105 kaplic\u0119 zwie\u0144czon\u0105 stylizowanym krzy\u017cem, 303 za surowy kamienny wystr\u00f3j w postaci monumentalnej bramy i pomnik centralny, 302 za pomnik centralny i zastosowanie drzewostanu. Sam cmentarz reprezentacyjny 314 w Bochni jest przyk\u0142adem wykorzystania ukszta\u0142towania terenu, podniesieniem powagi i znaczenia masywnego krzy\u017ca centralnego a p\u0142askorze\u017aba \u201e<em>anio\u0142a \u015bmierci<\/em>\u201e strzeg\u0105cego spokoju pochowanych kolejnym elementem trendu artystycznego tamtej <a><\/a>epoki.<\/p>\n\n\n\n<p class=\"has-text-align-center\"><strong>Cmentarze Wielkiej Wojny<\/strong><\/p>\n\n\n<div class=\"wp-block-image\">\n<figure class=\"aligncenter size-full is-resized\"><img loading=\"lazy\" decoding=\"async\" width=\"250\" height=\"250\" src=\"https:\/\/cmentarzewielkiejwojny.pl\/wp-content\/uploads\/2025\/02\/cropped-cropped-logo-bez-tla.png\" alt=\"\" class=\"wp-image-72\" style=\"width:118px;height:auto\" srcset=\"https:\/\/cmentarzewielkiejwojny.pl\/wp-content\/uploads\/2025\/02\/cropped-cropped-logo-bez-tla.png 250w, https:\/\/cmentarzewielkiejwojny.pl\/wp-content\/uploads\/2025\/02\/cropped-cropped-logo-bez-tla-150x150.png 150w, https:\/\/cmentarzewielkiejwojny.pl\/wp-content\/uploads\/2025\/02\/cropped-cropped-logo-bez-tla-100x100.png 100w\" sizes=\"auto, (max-width: 250px) 100vw, 250px\" \/><\/figure>\n<\/div>","protected":false},"excerpt":{"rendered":"<p>&nbsp;&nbsp;&nbsp;&nbsp;&nbsp;&nbsp;&nbsp; Okr\u0119g ten pod wzgl\u0119dem ilo\u015bci cmentarzy za\u0142o\u017conych na jego terenie nale\u017cy do okr\u0119g\u00f3w \u015bredniej wielko\u015bci. Powsta\u0142 na terenach bezpo\u015brednich walk podej\u015bcia do Twierdzy Krak\u00f3w na prze\u0142omie listopada i grudnia 1914 roku oraz p\u00f3\u017aniejszych boj\u00f3w odwrotowych armii rosyjskiej Obejmuje 40 obiekt\u00f3w, kt\u00f3rych \u0142\u0105czna powierzchnia wynosi 17.351 m2, co stanowi 6, 5 % wszystkich cmentarzy zachodnio &hellip; <\/p>\n<p class=\"link-more\"><a href=\"https:\/\/cmentarzewielkiejwojny.pl\/index.php\/okreg-ix-bochnia\/\" class=\"more-link\">Czytaj dalej<span class=\"screen-reader-text\"> \u201eOkr\u0119g IX Bochnia\u201d<\/span><\/a><\/p>\n","protected":false},"author":1,"featured_media":0,"parent":0,"menu_order":0,"comment_status":"closed","ping_status":"closed","template":"","meta":{"_uag_custom_page_level_css":"","footnotes":""},"class_list":["post-127","page","type-page","status-publish","hentry"],"uagb_featured_image_src":{"full":false,"thumbnail":false,"medium":false,"medium_large":false,"large":false,"1536x1536":false,"2048x2048":false,"twentyseventeen-featured-image":false,"twentyseventeen-thumbnail-avatar":false},"uagb_author_info":{"display_name":"admin","author_link":"https:\/\/cmentarzewielkiejwojny.pl\/index.php\/author\/cww\/"},"uagb_comment_info":0,"uagb_excerpt":"&nbsp;&nbsp;&nbsp;&nbsp;&nbsp;&nbsp;&nbsp; Okr\u0119g ten pod wzgl\u0119dem ilo\u015bci cmentarzy za\u0142o\u017conych na jego terenie nale\u017cy do okr\u0119g\u00f3w \u015bredniej wielko\u015bci. Powsta\u0142 na terenach bezpo\u015brednich walk podej\u015bcia do Twierdzy Krak\u00f3w na prze\u0142omie listopada i grudnia 1914 roku oraz p\u00f3\u017aniejszych boj\u00f3w odwrotowych armii rosyjskiej Obejmuje 40 obiekt\u00f3w, kt\u00f3rych \u0142\u0105czna powierzchnia wynosi 17.351 m2, co stanowi 6, 5 % wszystkich cmentarzy zachodnio&hellip;","_links":{"self":[{"href":"https:\/\/cmentarzewielkiejwojny.pl\/index.php\/wp-json\/wp\/v2\/pages\/127","targetHints":{"allow":["GET"]}}],"collection":[{"href":"https:\/\/cmentarzewielkiejwojny.pl\/index.php\/wp-json\/wp\/v2\/pages"}],"about":[{"href":"https:\/\/cmentarzewielkiejwojny.pl\/index.php\/wp-json\/wp\/v2\/types\/page"}],"author":[{"embeddable":true,"href":"https:\/\/cmentarzewielkiejwojny.pl\/index.php\/wp-json\/wp\/v2\/users\/1"}],"replies":[{"embeddable":true,"href":"https:\/\/cmentarzewielkiejwojny.pl\/index.php\/wp-json\/wp\/v2\/comments?post=127"}],"version-history":[{"count":3,"href":"https:\/\/cmentarzewielkiejwojny.pl\/index.php\/wp-json\/wp\/v2\/pages\/127\/revisions"}],"predecessor-version":[{"id":1186,"href":"https:\/\/cmentarzewielkiejwojny.pl\/index.php\/wp-json\/wp\/v2\/pages\/127\/revisions\/1186"}],"wp:attachment":[{"href":"https:\/\/cmentarzewielkiejwojny.pl\/index.php\/wp-json\/wp\/v2\/media?parent=127"}],"curies":[{"name":"wp","href":"https:\/\/api.w.org\/{rel}","templated":true}]}}