{"id":3385,"date":"2025-10-17T08:11:54","date_gmt":"2025-10-17T08:11:54","guid":{"rendered":"https:\/\/cmentarzewielkiejwojny.pl\/index.php\/front_page\/"},"modified":"2026-01-15T08:55:44","modified_gmt":"2026-01-15T08:55:44","slug":"front_page","status":"publish","type":"page","link":"https:\/\/cmentarzewielkiejwojny.pl\/","title":{"rendered":"Strona g\u0142\u00f3wna"},"content":{"rendered":"\n<p class=\"has-text-align-center\"><strong>Odkryj histori\u0119 zapisan\u0105 w kamieniu <\/strong><\/p>\n\n\n\n<p class=\"has-text-align-center\">Nasza strona to nieocenione narz\u0119dzie dla historyk\u00f3w, pasjonat\u00f3w oraz ka\u017cdego, kto chce zg\u0142\u0119bi\u0107 temat <strong>I wojny \u015bwiatowej<\/strong>. Dzi\u0119ki interaktywnym zasobom mo\u017cesz nie tylko precyzyjnie <strong>zlokalizowa\u0107 miejsca poch\u00f3wku<\/strong>, ale przede wszystkim zrozumie\u0107 ludzki wymiar tego globalnego konfliktu. To przestrze\u0144, w kt\u00f3rej przywracamy to\u017csamo\u015b\u0107 bezimiennym i oddajemy ho\u0142d tym, kt\u00f3rzy stracili \u017cycie na polach bitew.<\/p>\n\n\n\n<p class=\"has-text-align-center\"><strong>Zaplanuj podr\u00f3\u017c \u015bladami Wielkiej Wojny<\/strong><\/p>\n\n\n\n<p class=\"has-text-align-center\">Szukasz inspiracji do historycznej wyprawy? Nasz serwis to doskona\u0142a okazja, by zaplanowa\u0107 w\u0142asne <strong>podr\u00f3\u017ce \u015bladami historii<\/strong>. Odwiedzaj\u0105c te cz\u0119sto zapomniane, a niezwykle wa\u017cne miejsca pami\u0119ci, dotykasz \u017cywej przesz\u0142o\u015bci. Niezale\u017cnie od tego, czy jeste\u015b zawodowym badaczem, czy osob\u0105, kt\u00f3ra chce dowiedzie\u0107 si\u0119 wi\u0119cej o losach \u017co\u0142nierzy, portal <strong>Cmentarze Wielkiej Wojny<\/strong> oferuje fascynuj\u0105c\u0105 podr\u00f3\u017c przez histori\u0119 i zbiorow\u0105 pami\u0119\u0107 nie tylko przez dawn\u0105 <strong>Galicj\u0119 Zachodni\u0105<\/strong>, <strong>Galicj\u0119 \u015arodkow\u0105 <\/strong>ale przez ca\u0142\u0105<strong> Polsk\u0119<\/strong>. <\/p>\n\n\n\n<p class=\"has-text-align-center\"><strong>Odwied\u017a nasz\u0105 baz\u0119 i odkryj poruszaj\u0105ce historie kryj\u0105ce si\u0119 za ka\u017cdym pomnikiem i \u017co\u0142nierskim nagrobkiem!<\/strong><\/p>\n\n\n\n<p class=\"has-text-align-center\"><strong>Dlaczego opieka nad cmentarzami wojennymi jest naszym obowi\u0105zkiem?<\/strong><\/p>\n\n\n\n<p class=\"has-text-align-center\"><strong>Cmentarze wojenne<\/strong> stanowi\u0105 kluczowy element dziedzictwa narodowego i europejskiego. S\u0105 niemym przypomnieniem o tragicznych wydarzeniach lat 1914\u20131918 oraz o bohaterach, kt\u00f3rzy oddali \u017cycie za nasz\u0105 przysz\u0142o\u015b\u0107.<\/p>\n\n\n\n<p class=\"has-text-align-center\">Wierzymy, \u017ce jako spo\u0142ecze\u0144stwo jeste\u015bmy winni poleg\u0142ym \u017co\u0142nierzom zapewnienie godnego wygl\u0105du ich miejsc wiecznego spoczynku. Poprzez <strong>ochron\u0119 i opiek\u0119 nad nekropoliami wojennymi<\/strong>:<\/p>\n\n\n\n<ul class=\"wp-block-list\">\n<li>Zabezpieczamy materialne \u015bwiadectwa historii.<\/li>\n\n\n\n<li>Tworzymy godne miejsca uwiecznienia poleg\u0142ych.<\/li>\n\n\n\n<li>Edukujemy przysz\u0142e pokolenia o skutkach Wielkiej Wojny.<\/li>\n<\/ul>\n\n\n\n<p class=\"has-text-align-center\">Chroni\u0105c te miejsca, dbamy o to, by pami\u0119\u0107 o nich trwa\u0142a wiecznie.<\/p>\n\n\n\n<p class=\"has-text-align-center\"><strong>Cmentarze Wielkiej Wojny<\/strong><\/p>\n\n\n\n<p class=\"has-text-align-center\"><strong>Cmentarze I Wojny \u015awiatowej, Great War Cemeteries, Gro\u00dfe Kriegsfriedh\u00f6fe<\/strong><\/p>\n\n\n\n<pre class=\"wp-block-verse has-text-align-center\"><em><strong>\u201eNie p\u0142aczcie, \u017ce le\u017cymy tak z dala od ludzi,\nA burze ju\u017c nam nieraz we znaki si\u0119 da\u0142y,\nWszak s\u0142o\u0144ce co dzie\u0144 rano tu nas wcze\u015bniej budzi\nI wcze\u015bniej okrywa purpur\u0105 swej chwa\u0142y\u201d<\/strong><\/em><\/pre>\n\n\n\n<figure class=\"wp-block-image size-full\"><img loading=\"lazy\" decoding=\"async\" width=\"1280\" height=\"853\" src=\"https:\/\/cmentarzewielkiejwojny.pl\/wp-content\/uploads\/2025\/10\/Cmentarz-nr-11-Wola-Cieklinska-zdj.-B.-Jezierski-1.jpg\" alt=\"\" class=\"wp-image-3223\"\/><\/figure>\n\n\n\n<p class=\"has-text-align-center has-medium-font-size\"><strong><a href=\"https:\/\/cmentarzewielkiejwojny.pl\/index.php\/galicja-zachodnia\/\" data-type=\"page\" data-id=\"55\"><em>Cmentarze Galicji Zachodniej<\/em><\/a><\/strong><\/p>\n","protected":false},"excerpt":{"rendered":"<p>Odkryj histori\u0119 zapisan\u0105 w kamieniu Nasza strona to nieocenione narz\u0119dzie dla historyk\u00f3w, pasjonat\u00f3w oraz ka\u017cdego, kto chce zg\u0142\u0119bi\u0107 temat I wojny \u015bwiatowej. Dzi\u0119ki interaktywnym zasobom mo\u017cesz nie tylko precyzyjnie zlokalizowa\u0107 miejsca poch\u00f3wku, ale przede wszystkim zrozumie\u0107 ludzki wymiar tego globalnego konfliktu. To przestrze\u0144, w kt\u00f3rej przywracamy to\u017csamo\u015b\u0107 bezimiennym i oddajemy ho\u0142d tym, kt\u00f3rzy stracili \u017cycie &hellip; <\/p>\n<p class=\"link-more\"><a href=\"https:\/\/cmentarzewielkiejwojny.pl\/\" class=\"more-link\">Czytaj dalej<span class=\"screen-reader-text\"> \u201eStrona g\u0142\u00f3wna\u201d<\/span><\/a><\/p>\n","protected":false},"author":1,"featured_media":0,"parent":0,"menu_order":0,"comment_status":"closed","ping_status":"closed","template":"","meta":{"_uag_custom_page_level_css":"","footnotes":""},"class_list":["post-3385","page","type-page","status-publish","hentry"],"uagb_featured_image_src":{"full":false,"thumbnail":false,"medium":false,"medium_large":false,"large":false,"1536x1536":false,"2048x2048":false,"twentyseventeen-featured-image":false,"twentyseventeen-thumbnail-avatar":false},"uagb_author_info":{"display_name":"admin","author_link":"https:\/\/cmentarzewielkiejwojny.pl\/index.php\/author\/cww\/"},"uagb_comment_info":0,"uagb_excerpt":"Odkryj histori\u0119 zapisan\u0105 w kamieniu Nasza strona to nieocenione narz\u0119dzie dla historyk\u00f3w, pasjonat\u00f3w oraz ka\u017cdego, kto chce zg\u0142\u0119bi\u0107 temat I wojny \u015bwiatowej. Dzi\u0119ki interaktywnym zasobom mo\u017cesz nie tylko precyzyjnie zlokalizowa\u0107 miejsca poch\u00f3wku, ale przede wszystkim zrozumie\u0107 ludzki wymiar tego globalnego konfliktu. To przestrze\u0144, w kt\u00f3rej przywracamy to\u017csamo\u015b\u0107 bezimiennym i oddajemy ho\u0142d tym, kt\u00f3rzy stracili \u017cycie&hellip;","_links":{"self":[{"href":"https:\/\/cmentarzewielkiejwojny.pl\/index.php\/wp-json\/wp\/v2\/pages\/3385","targetHints":{"allow":["GET"]}}],"collection":[{"href":"https:\/\/cmentarzewielkiejwojny.pl\/index.php\/wp-json\/wp\/v2\/pages"}],"about":[{"href":"https:\/\/cmentarzewielkiejwojny.pl\/index.php\/wp-json\/wp\/v2\/types\/page"}],"author":[{"embeddable":true,"href":"https:\/\/cmentarzewielkiejwojny.pl\/index.php\/wp-json\/wp\/v2\/users\/1"}],"replies":[{"embeddable":true,"href":"https:\/\/cmentarzewielkiejwojny.pl\/index.php\/wp-json\/wp\/v2\/comments?post=3385"}],"version-history":[{"count":7,"href":"https:\/\/cmentarzewielkiejwojny.pl\/index.php\/wp-json\/wp\/v2\/pages\/3385\/revisions"}],"predecessor-version":[{"id":3810,"href":"https:\/\/cmentarzewielkiejwojny.pl\/index.php\/wp-json\/wp\/v2\/pages\/3385\/revisions\/3810"}],"wp:attachment":[{"href":"https:\/\/cmentarzewielkiejwojny.pl\/index.php\/wp-json\/wp\/v2\/media?parent=3385"}],"curies":[{"name":"wp","href":"https:\/\/api.w.org\/{rel}","templated":true}]}}