{"id":47,"date":"2025-02-08T15:21:21","date_gmt":"2025-02-08T15:21:21","guid":{"rendered":"https:\/\/cmentarzewielkiejwojny.pl\/?page_id=47"},"modified":"2026-01-17T17:50:52","modified_gmt":"2026-01-17T17:50:52","slug":"polityka-prywatnosci","status":"publish","type":"page","link":"https:\/\/cmentarzewielkiejwojny.pl\/index.php\/polityka-prywatnosci\/","title":{"rendered":"Polityka prywatno\u015bciPolityka prywatno\u015bci serwisu CmentarzeWielkiejWojny.plPolityka prywatno\u015bci"},"content":{"rendered":"\n<h2 class=\"wp-block-heading\"><strong>Kim jeste\u015bmy<\/strong><\/h2>\n\n\n\n<p>Adres naszej strony internetowej to: <a href=\"https:\/\/cmentarzewielkiejwojny.pl\" target=\"_blank\" rel=\"noreferrer noopener\">https:\/\/cmentarzewielkiejwojny.pl<\/a>.<\/p>\n\n\n\n<p><strong>Jakie dane osobiste zbieramy i dlaczego je zbieramy<\/strong><\/p>\n\n\n\n<p><strong>Komentarze<\/strong><\/p>\n\n\n\n<p>Kiedy odwiedzaj\u0105cy witryn\u0119 zostawia komentarz, zbieramy dane widoczne w formularzu komentowania, jak i adres IP odwiedzaj\u0105cego oraz podpis jego przegl\u0105darki jako pomoc przy wykrywaniu spamu.<\/p>\n\n\n\n<p>Anonimizowany ci\u0105g znak\u00f3w utworzony z twojego adresu e-mail (zwany te\u017c hashem) mo\u017ce zosta\u0107 przes\u0142any do us\u0142ugi Gravatar w celu sprawdzenia czy jest u\u017cywany. Polityka prywatno\u015bci us\u0142ugi Gravatar jest dost\u0119pna pod adresem: <a href=\"https:\/\/automattic.com\/privacy\/\" target=\"_blank\" rel=\"noreferrer noopener\">https:\/\/automattic.com\/privacy\/<\/a>. Po zatwierdzeniu komentarza tw\u00f3j obrazek profilowy jest widoczny publicznie w kontek\u015bcie twojego komentarza.<\/p>\n\n\n\n<p><strong>Media<\/strong><\/p>\n\n\n\n<p>Je\u015bli jeste\u015b zarejestrowanym u\u017cytkownikiem i wgrywasz na witryn\u0119 obrazki, powiniene\u015b unika\u0107 przesy\u0142ania obrazk\u00f3w z tagami EXIF lokalizacji. Odwiedzaj\u0105cy stron\u0119 mog\u0105 pobra\u0107 i odczyta\u0107 pe\u0142ne dane lokalizacyjne z obrazk\u00f3w umieszczonych w witrynie.<\/p>\n\n\n\n<p><strong>Ciasteczka (Cookies)<\/strong><\/p>\n\n\n\n<ul class=\"wp-block-list\">\n<li><strong>Komentowanie:<\/strong> Je\u015bli skomentujesz co\u015b w witrynie, b\u0119dzie mo\u017cna wybra\u0107 opcj\u0119 zapisu nazwy, adresu e-mail i witryny internetowej w ciasteczkach. Dzi\u0119ki nim podczas pisania kolejnych komentarzy powy\u017csze informacje b\u0119d\u0105 ju\u017c uzupe\u0142nione. Ciasteczka te wygasaj\u0105 po roku.<\/li>\n\n\n\n<li><strong>Logowanie:<\/strong> Je\u015bli odwiedzisz stron\u0119 logowania, utworzymy tymczasowe ciasteczko na potrzeby sprawdzenia czy twoja przegl\u0105darka akceptuje pliki cookies. Nie zawiera ono danych osobistych i zostanie usuni\u0119te po zamkni\u0119ciu przegl\u0105darki.<\/li>\n\n\n\n<li><strong>Sesja u\u017cytkownika:<\/strong> Podczas logowania tworzymy dodatkowo kilka ciasteczek potrzebnych do zapisu twoich informacji logowania oraz wybranych opcji ekranu. Ciasteczka logowania wygasaj\u0105 po dw\u00f3ch dniach, a opcji ekranu po roku. Je\u015bli zaznaczysz opcj\u0119 \u201ePami\u0119taj mnie\u201d, logowanie wyga\u015bnie po dw\u00f3ch tygodniach. Po wylogowaniu ciasteczka te s\u0105 usuwane.<\/li>\n\n\n\n<li><strong>Edycja tre\u015bci:<\/strong> Je\u015bli zmodyfikujesz albo opublikujesz artyku\u0142, w twojej przegl\u0105darce zostanie zapisane dodatkowe ciasteczko. Wskazuje ono po prostu na identyfikator edytowanego artyku\u0142u i wygasa po 1 dniu.<\/li>\n<\/ul>\n\n\n\n<p><strong>Osadzone tre\u015bci z innych witryn<\/strong><\/p>\n\n\n\n<p>Artyku\u0142y na tej witrynie mog\u0105 zawiera\u0107 osadzone tre\u015bci (np. filmy, obrazki, artyku\u0142y itp.). Osadzone tre\u015bci z innych witryn zachowuj\u0105 si\u0119 analogicznie do tego, jakby u\u017cytkownik odwiedzi\u0142 bezpo\u015brednio konkretn\u0105 witryn\u0119 zewn\u0119trzn\u0105.<\/p>\n\n\n\n<p>Witryny te mog\u0105 zbiera\u0107 informacje o tobie, u\u017cywa\u0107 ciasteczek, do\u0142\u0105cza\u0107 dodatkowe, zewn\u0119trzne systemy \u015bledzenia i monitorowa\u0107 twoje interakcje z osadzonym materia\u0142em (w tym \u015bledzenie interakcji, je\u015bli posiadasz konto i jeste\u015b zalogowany w tamtej witrynie).<\/p>\n\n\n\n<p><strong>Zarz\u0105dzanie danymi i ich udost\u0119pnianie<\/strong><\/p>\n\n\n\n<p><strong>Z kim dzielimy si\u0119 danymi<\/strong><\/p>\n\n\n\n<p>Je\u015bli za\u017c\u0105dasz zresetowania has\u0142a, tw\u00f3j adres IP zostanie do\u0142\u0105czony do wysy\u0142anej wiadomo\u015bci.<\/p>\n\n\n\n<p><strong>Jak d\u0142ugo przechowujemy twoje dane<\/strong><\/p>\n\n\n\n<ul class=\"wp-block-list\">\n<li><strong>Komentarze:<\/strong> Je\u015bli zostawisz komentarz, jego tre\u015b\u0107 i metadane b\u0119d\u0105 przechowywane przez czas nieokre\u015blony. Dzi\u0119ki temu rozpoznajemy i zatwierdzamy kolejne komentarze automatycznie, bez moderacji.<\/li>\n\n\n\n<li><strong>Profile u\u017cytkownik\u00f3w:<\/strong> Dla u\u017cytkownik\u00f3w zarejestrowanych na naszej stronie (je\u015bli tacy s\u0105), przechowujemy informacje osobiste wprowadzone w profilu. Ka\u017cdy u\u017cytkownik mo\u017ce wgl\u0105dn\u0105\u0107, skorygowa\u0107 lub skasowa\u0107 swoje dane w dowolnej chwili (z wyj\u0105tkiem nazwy u\u017cytkownika). Administratorzy strony r\u00f3wnie\u017c maj\u0105 dost\u0119p do tych informacji.<\/li>\n<\/ul>\n\n\n\n<p><strong>Jakie masz prawa do swoich danych<\/strong><\/p>\n\n\n\n<p>Je\u015bli masz konto u\u017cytkownika albo doda\u0142e\u015b komentarze w tej witrynie, mo\u017cesz za\u017c\u0105da\u0107 dostarczenia pliku z wyeksportowanym kompletem twoich danych osobistych b\u0119d\u0105cych w naszym posiadaniu. Mo\u017cesz r\u00f3wnie\u017c za\u017c\u0105da\u0107 usuni\u0119cia przez nas ca\u0142o\u015bci twoich danych osobistych. Nie dotyczy to danych, kt\u00f3re jeste\u015bmy zobligowani zachowa\u0107 ze wzgl\u0119d\u00f3w administracyjnych, prawnych albo bezpiecze\u0144stwa.<\/p>\n\n\n\n<p><strong>Gdzie wysy\u0142amy twoje dane<\/strong><\/p>\n\n\n\n<p>Komentarze go\u015bci mog\u0105 by\u0107 sprawdzane za pomoc\u0105 automatycznej us\u0142ugi wykrywania spamu.<\/p>\n","protected":false},"excerpt":{"rendered":"<p>Kim jeste\u015bmy Adres naszej strony internetowej to: https:\/\/cmentarzewielkiejwojny.pl. Jakie dane osobiste zbieramy i dlaczego je zbieramy Komentarze Kiedy odwiedzaj\u0105cy witryn\u0119 zostawia komentarz, zbieramy dane widoczne w formularzu komentowania, jak i adres IP odwiedzaj\u0105cego oraz podpis jego przegl\u0105darki jako pomoc przy wykrywaniu spamu. Anonimizowany ci\u0105g znak\u00f3w utworzony z twojego adresu e-mail (zwany te\u017c hashem) mo\u017ce zosta\u0107 &hellip; <\/p>\n<p class=\"link-more\"><a href=\"https:\/\/cmentarzewielkiejwojny.pl\/index.php\/polityka-prywatnosci\/\" class=\"more-link\">Czytaj dalej<span class=\"screen-reader-text\"> \u201ePolityka prywatno\u015bciPolityka prywatno\u015bci serwisu CmentarzeWielkiejWojny.plPolityka prywatno\u015bci\u201d<\/span><\/a><\/p>\n","protected":false},"author":1,"featured_media":0,"parent":0,"menu_order":0,"comment_status":"closed","ping_status":"closed","template":"","meta":{"_uag_custom_page_level_css":"","footnotes":""},"class_list":["post-47","page","type-page","status-publish","hentry"],"uagb_featured_image_src":{"full":false,"thumbnail":false,"medium":false,"medium_large":false,"large":false,"1536x1536":false,"2048x2048":false,"twentyseventeen-featured-image":false,"twentyseventeen-thumbnail-avatar":false},"uagb_author_info":{"display_name":"admin","author_link":"https:\/\/cmentarzewielkiejwojny.pl\/index.php\/author\/cww\/"},"uagb_comment_info":0,"uagb_excerpt":"Kim jeste\u015bmy Adres naszej strony internetowej to: https:\/\/cmentarzewielkiejwojny.pl. Jakie dane osobiste zbieramy i dlaczego je zbieramy Komentarze Kiedy odwiedzaj\u0105cy witryn\u0119 zostawia komentarz, zbieramy dane widoczne w formularzu komentowania, jak i adres IP odwiedzaj\u0105cego oraz podpis jego przegl\u0105darki jako pomoc przy wykrywaniu spamu. Anonimizowany ci\u0105g znak\u00f3w utworzony z twojego adresu e-mail (zwany te\u017c hashem) mo\u017ce zosta\u0107&hellip;","_links":{"self":[{"href":"https:\/\/cmentarzewielkiejwojny.pl\/index.php\/wp-json\/wp\/v2\/pages\/47","targetHints":{"allow":["GET"]}}],"collection":[{"href":"https:\/\/cmentarzewielkiejwojny.pl\/index.php\/wp-json\/wp\/v2\/pages"}],"about":[{"href":"https:\/\/cmentarzewielkiejwojny.pl\/index.php\/wp-json\/wp\/v2\/types\/page"}],"author":[{"embeddable":true,"href":"https:\/\/cmentarzewielkiejwojny.pl\/index.php\/wp-json\/wp\/v2\/users\/1"}],"replies":[{"embeddable":true,"href":"https:\/\/cmentarzewielkiejwojny.pl\/index.php\/wp-json\/wp\/v2\/comments?post=47"}],"version-history":[{"count":3,"href":"https:\/\/cmentarzewielkiejwojny.pl\/index.php\/wp-json\/wp\/v2\/pages\/47\/revisions"}],"predecessor-version":[{"id":3835,"href":"https:\/\/cmentarzewielkiejwojny.pl\/index.php\/wp-json\/wp\/v2\/pages\/47\/revisions\/3835"}],"wp:attachment":[{"href":"https:\/\/cmentarzewielkiejwojny.pl\/index.php\/wp-json\/wp\/v2\/media?parent=47"}],"curies":[{"name":"wp","href":"https:\/\/api.w.org\/{rel}","templated":true}]}}