{"id":55,"date":"2025-02-08T15:32:07","date_gmt":"2025-02-08T15:32:07","guid":{"rendered":"https:\/\/cmentarzewielkiejwojny.pl\/?page_id=55"},"modified":"2026-01-15T10:47:05","modified_gmt":"2026-01-15T10:47:05","slug":"galicja-zachodnia","status":"publish","type":"page","link":"https:\/\/cmentarzewielkiejwojny.pl\/index.php\/galicja-zachodnia\/","title":{"rendered":"Cmentarze w Galicji Zachodniej"},"content":{"rendered":"\n<p class=\"has-text-align-left\"><strong><a href=\"https:\/\/cmentarzewielkiejwojny.pl\/index.php\/okreg-i-jaslo\/\" data-type=\"page\" data-id=\"100\">Okr\u0119g I &#8211; \u017bmigr\u00f3d <\/a><\/strong><\/p>\n\n\n\n<p><strong><a href=\"https:\/\/cmentarzewielkiejwojny.pl\/index.php\/okreg-ii-jaslo\/\" data-type=\"page\" data-id=\"105\">Okr\u0119g II Jas\u0142o <\/a><\/strong><\/p>\n\n\n\n<p><strong><a href=\"https:\/\/cmentarzewielkiejwojny.pl\/index.php\/okreg-iii-gorlice\/\" data-type=\"page\" data-id=\"109\">Okr\u0119g III Gorlice<\/a><\/strong><\/p>\n\n\n\n<p><strong><a href=\"https:\/\/cmentarzewielkiejwojny.pl\/index.php\/okreg-iv-luzna\/\" data-type=\"page\" data-id=\"112\">Okr\u0119g IV \u0141u\u017cna<\/a><\/strong><\/p>\n\n\n\n<p><strong><a href=\"https:\/\/cmentarzewielkiejwojny.pl\/index.php\/okreg-v-pilzno\/\" data-type=\"page\" data-id=\"115\">Okr\u0119g V Pilzno<\/a><\/strong><\/p>\n\n\n\n<p><strong><a href=\"https:\/\/cmentarzewielkiejwojny.pl\/index.php\/okreg-vi-tarnow\/\" data-type=\"page\" data-id=\"118\">Okr\u0119g VI Tarn\u00f3w<\/a><\/strong><\/p>\n\n\n\n<p><strong><a href=\"https:\/\/cmentarzewielkiejwojny.pl\/index.php\/okreg-vii-dabrowa-tarnowska\/\" data-type=\"page\" data-id=\"121\">Okr\u0119g VII D\u0105browa Tarnowska<\/a><\/strong><\/p>\n\n\n\n<p><strong><a href=\"https:\/\/cmentarzewielkiejwojny.pl\/index.php\/okreg-viii-brzesko\/\" data-type=\"page\" data-id=\"124\">Okr\u0119g VIII Brzesko<\/a><\/strong><\/p>\n\n\n\n<p><strong><a href=\"https:\/\/cmentarzewielkiejwojny.pl\/index.php\/okreg-ix-bochnia\/\" data-type=\"page\" data-id=\"127\">Okr\u0119g IX Bochnia<\/a><\/strong><\/p>\n\n\n\n<p><strong><a href=\"https:\/\/cmentarzewielkiejwojny.pl\/index.php\/okreg-x-limanowa\/\" data-type=\"page\" data-id=\"130\">Okr\u0119g X Limanowa<\/a><\/strong><\/p>\n\n\n\n<p><strong><a href=\"https:\/\/cmentarzewielkiejwojny.pl\/index.php\/okreg-z-krakow\/\" data-type=\"page\" data-id=\"133\">Okr\u0119g Z Krak\u00f3w <\/a><\/strong><\/p>\n\n\n\n<p class=\"has-text-align-center\"><strong>Cmentarze Wielkiej Wojny<\/strong><\/p>\n\n\n\n<p class=\"has-text-align-center\"><img loading=\"lazy\" decoding=\"async\" width=\"150\" height=\"150\" class=\"wp-image-72\" style=\"width: 150px;\" src=\"https:\/\/cmentarzewielkiejwojny.pl\/wp-content\/uploads\/2025\/02\/cropped-cropped-logo-bez-tla.png\" alt=\"\" srcset=\"https:\/\/cmentarzewielkiejwojny.pl\/wp-content\/uploads\/2025\/02\/cropped-cropped-logo-bez-tla.png 250w, https:\/\/cmentarzewielkiejwojny.pl\/wp-content\/uploads\/2025\/02\/cropped-cropped-logo-bez-tla-150x150.png 150w, https:\/\/cmentarzewielkiejwojny.pl\/wp-content\/uploads\/2025\/02\/cropped-cropped-logo-bez-tla-100x100.png 100w\" sizes=\"auto, (max-width: 150px) 100vw, 150px\" \/><\/p>\n","protected":false},"excerpt":{"rendered":"<p>Okr\u0119g I &#8211; \u017bmigr\u00f3d Okr\u0119g II Jas\u0142o Okr\u0119g III Gorlice Okr\u0119g IV \u0141u\u017cna Okr\u0119g V Pilzno Okr\u0119g VI Tarn\u00f3w Okr\u0119g VII D\u0105browa Tarnowska Okr\u0119g VIII Brzesko Okr\u0119g IX Bochnia Okr\u0119g X Limanowa Okr\u0119g Z Krak\u00f3w Cmentarze Wielkiej Wojny<\/p>\n","protected":false},"author":1,"featured_media":74,"parent":0,"menu_order":0,"comment_status":"closed","ping_status":"closed","template":"","meta":{"_uag_custom_page_level_css":"","footnotes":""},"class_list":["post-55","page","type-page","status-publish","has-post-thumbnail","hentry"],"uagb_featured_image_src":{"full":["https:\/\/cmentarzewielkiejwojny.pl\/wp-content\/uploads\/2025\/02\/zachodniogalicyjskie-1-.jpg",1000,563,false],"thumbnail":["https:\/\/cmentarzewielkiejwojny.pl\/wp-content\/uploads\/2025\/02\/zachodniogalicyjskie-1--150x150.jpg",150,150,true],"medium":["https:\/\/cmentarzewielkiejwojny.pl\/wp-content\/uploads\/2025\/02\/zachodniogalicyjskie-1--300x169.jpg",300,169,true],"medium_large":["https:\/\/cmentarzewielkiejwojny.pl\/wp-content\/uploads\/2025\/02\/zachodniogalicyjskie-1--768x432.jpg",525,295,true],"large":["https:\/\/cmentarzewielkiejwojny.pl\/wp-content\/uploads\/2025\/02\/zachodniogalicyjskie-1-.jpg",525,296,false],"1536x1536":["https:\/\/cmentarzewielkiejwojny.pl\/wp-content\/uploads\/2025\/02\/zachodniogalicyjskie-1-.jpg",1000,563,false],"2048x2048":["https:\/\/cmentarzewielkiejwojny.pl\/wp-content\/uploads\/2025\/02\/zachodniogalicyjskie-1-.jpg",1000,563,false],"twentyseventeen-featured-image":["https:\/\/cmentarzewielkiejwojny.pl\/wp-content\/uploads\/2025\/02\/zachodniogalicyjskie-1-.jpg",1000,563,false],"twentyseventeen-thumbnail-avatar":["https:\/\/cmentarzewielkiejwojny.pl\/wp-content\/uploads\/2025\/02\/zachodniogalicyjskie-1--100x100.jpg",100,100,true]},"uagb_author_info":{"display_name":"admin","author_link":"https:\/\/cmentarzewielkiejwojny.pl\/index.php\/author\/cww\/"},"uagb_comment_info":0,"uagb_excerpt":"Okr\u0119g I &#8211; \u017bmigr\u00f3d Okr\u0119g II Jas\u0142o Okr\u0119g III Gorlice Okr\u0119g IV \u0141u\u017cna Okr\u0119g V Pilzno Okr\u0119g VI Tarn\u00f3w Okr\u0119g VII D\u0105browa Tarnowska Okr\u0119g VIII Brzesko Okr\u0119g IX Bochnia Okr\u0119g X Limanowa Okr\u0119g Z Krak\u00f3w Cmentarze Wielkiej Wojny","_links":{"self":[{"href":"https:\/\/cmentarzewielkiejwojny.pl\/index.php\/wp-json\/wp\/v2\/pages\/55","targetHints":{"allow":["GET"]}}],"collection":[{"href":"https:\/\/cmentarzewielkiejwojny.pl\/index.php\/wp-json\/wp\/v2\/pages"}],"about":[{"href":"https:\/\/cmentarzewielkiejwojny.pl\/index.php\/wp-json\/wp\/v2\/types\/page"}],"author":[{"embeddable":true,"href":"https:\/\/cmentarzewielkiejwojny.pl\/index.php\/wp-json\/wp\/v2\/users\/1"}],"replies":[{"embeddable":true,"href":"https:\/\/cmentarzewielkiejwojny.pl\/index.php\/wp-json\/wp\/v2\/comments?post=55"}],"version-history":[{"count":28,"href":"https:\/\/cmentarzewielkiejwojny.pl\/index.php\/wp-json\/wp\/v2\/pages\/55\/revisions"}],"predecessor-version":[{"id":3821,"href":"https:\/\/cmentarzewielkiejwojny.pl\/index.php\/wp-json\/wp\/v2\/pages\/55\/revisions\/3821"}],"wp:featuredmedia":[{"embeddable":true,"href":"https:\/\/cmentarzewielkiejwojny.pl\/index.php\/wp-json\/wp\/v2\/media\/74"}],"wp:attachment":[{"href":"https:\/\/cmentarzewielkiejwojny.pl\/index.php\/wp-json\/wp\/v2\/media?parent=55"}],"curies":[{"name":"wp","href":"https:\/\/api.w.org\/{rel}","templated":true}]}}