{"id":62,"date":"2025-02-08T15:41:11","date_gmt":"2025-02-08T15:41:11","guid":{"rendered":"https:\/\/cmentarzewielkiejwojny.pl\/?page_id=62"},"modified":"2026-01-15T09:08:26","modified_gmt":"2026-01-15T09:08:26","slug":"o-nas","status":"publish","type":"page","link":"https:\/\/cmentarzewielkiejwojny.pl\/index.php\/o-nas\/","title":{"rendered":"O mnie"},"content":{"rendered":"<div class=\"wp-block-image\">\n<figure class=\"aligncenter size-full is-resized\"><img loading=\"lazy\" decoding=\"async\" width=\"1152\" height=\"1147\" src=\"https:\/\/cmentarzewielkiejwojny.pl\/wp-content\/uploads\/2025\/10\/Bogdan-Jezierski.jpg\" alt=\"\" class=\"wp-image-3431\" style=\"width:385px;height:auto\" srcset=\"https:\/\/cmentarzewielkiejwojny.pl\/wp-content\/uploads\/2025\/10\/Bogdan-Jezierski.jpg 1152w, https:\/\/cmentarzewielkiejwojny.pl\/wp-content\/uploads\/2025\/10\/Bogdan-Jezierski-300x300.jpg 300w, https:\/\/cmentarzewielkiejwojny.pl\/wp-content\/uploads\/2025\/10\/Bogdan-Jezierski-1024x1020.jpg 1024w, https:\/\/cmentarzewielkiejwojny.pl\/wp-content\/uploads\/2025\/10\/Bogdan-Jezierski-150x150.jpg 150w, https:\/\/cmentarzewielkiejwojny.pl\/wp-content\/uploads\/2025\/10\/Bogdan-Jezierski-768x765.jpg 768w, https:\/\/cmentarzewielkiejwojny.pl\/wp-content\/uploads\/2025\/10\/Bogdan-Jezierski-100x100.jpg 100w\" sizes=\"auto, (max-width: 706px) 89vw, (max-width: 767px) 82vw, 740px\" \/><\/figure>\n<\/div>\n\n\n<p class=\"has-text-align-center has-small-font-size\"><strong><em>Bogdan Jezierski<\/em><\/strong><\/p>\n\n\n\n<p class=\"has-text-align-center\"><strong>Na stra\u017cy pami\u0119ci poleg\u0142ych w Wielkiej Wojnie<\/strong><\/p>\n\n\n\n<p class=\"has-text-align-center\">Moja misja dotyka samych fundament\u00f3w naszej to\u017csamo\u015bci \u2013 <strong>szacunku dla historii<\/strong> oraz ho\u0142du dla tych, kt\u00f3rzy oddali \u017cycie w czasie I wojny \u015bwiatowej. Ka\u017cdego dnia u\u015bwiadamiam sobie, jak kluczowa jest rola stra\u017cnika pami\u0119ci. <strong>Groby i cmentarze wojenne<\/strong> to niemi \u015bwiadkowie historii, miejsca spoczynku \u017co\u0142nierzy wielu narodowo\u015bci, kt\u00f3rych po\u0142\u0105czy\u0142 wsp\u00f3lny, tragiczny los.<\/p>\n\n\n\n<h3 class=\"wp-block-heading has-text-align-center\"><strong>Dlaczego ochrona cmentarzy wojennych jest wa\u017cna?<\/strong><\/h3>\n\n\n\n<p class=\"has-text-align-center\">Moim nadrz\u0119dnym celem jest nie tylko <strong>fizyczna ochrona miejsc spoczynku<\/strong>, ale przede wszystkim przywracanie pami\u0119ci o ludziach, kt\u00f3rzy za nimi stoj\u0105. To duma, \u017ce mog\u0119 sta\u0107 na stra\u017cy tak cennego dziedzictwa kulturowego i historycznego.<\/p>\n\n\n\n<p class=\"has-text-align-center\">Dzia\u0142am z przekonaniem, \u017ce robi\u0119 co\u015b niezb\u0119dnego dla spo\u0142ecze\u0144stwa \u2013 piel\u0119gnuj\u0119 pami\u0119\u0107 o wszystkich poleg\u0142ych w <strong>Wielkiej Wojnie<\/strong>. Wierz\u0119, \u017ce:<\/p>\n\n\n\n<ul class=\"wp-block-list\">\n<li>Ka\u017cdy \u017co\u0142nierz, niezale\u017cnie od narodowo\u015bci czy munduru, zas\u0142uguje na szacunek.<\/li>\n\n\n\n<li>Opieka nad nekropoliami to akt sprawiedliwo\u015bci historycznej.<\/li>\n\n\n\n<li>Mamy moralny obowi\u0105zek wobec przysz\u0142ych pokole\u0144, by zachowa\u0107 prawd\u0119 o przesz\u0142o\u015bci.<\/li>\n<\/ul>\n\n\n\n<h3 class=\"wp-block-heading has-text-align-center\"><strong>Wsp\u00f3lne dziedzictwo i pami\u0119\u0107 historyczna<\/strong><\/h3>\n\n\n\n<p class=\"has-text-align-center\">Praca ta to cichy, ale istotny dialog z przesz\u0142o\u015bci\u0105. Pami\u0119\u0107 jest naszym wsp\u00f3lnym dobrem. Z ca\u0142ego serca anga\u017cuj\u0119 si\u0119 w jej piel\u0119gnowanie, wierz\u0105c, \u017ce dbaj\u0105c o <strong>zapomniane groby \u017co\u0142nierskie<\/strong>, budujemy lepsz\u0105 \u015bwiadomo\u015b\u0107 historyczn\u0105 dzisiaj.<\/p>\n\n\n\n<p class=\"has-text-align-center\"><strong>Cmentarze Wielkiej Wojny<\/strong> <\/p>\n\n\n\n<p class=\"has-text-align-center\"><strong>Cmentarze I Wojny \u015awiatowej, Great War Cemeteries, Gro\u00dfe Kriegsfriedh\u00f6fe <\/strong><\/p>\n\n\n<div class=\"wp-block-image\">\n<figure class=\"aligncenter size-full is-resized\"><img loading=\"lazy\" decoding=\"async\" width=\"512\" height=\"512\" src=\"https:\/\/cmentarzewielkiejwojny.pl\/wp-content\/uploads\/2025\/02\/cropped-logo-bez-tla.png\" alt=\"\" class=\"wp-image-51\" style=\"width:161px;height:auto\" srcset=\"https:\/\/cmentarzewielkiejwojny.pl\/wp-content\/uploads\/2025\/02\/cropped-logo-bez-tla.png 512w, https:\/\/cmentarzewielkiejwojny.pl\/wp-content\/uploads\/2025\/02\/cropped-logo-bez-tla-300x300.png 300w, https:\/\/cmentarzewielkiejwojny.pl\/wp-content\/uploads\/2025\/02\/cropped-logo-bez-tla-150x150.png 150w, https:\/\/cmentarzewielkiejwojny.pl\/wp-content\/uploads\/2025\/02\/cropped-logo-bez-tla-100x100.png 100w, https:\/\/cmentarzewielkiejwojny.pl\/wp-content\/uploads\/2025\/02\/cropped-logo-bez-tla-270x270.png 270w, https:\/\/cmentarzewielkiejwojny.pl\/wp-content\/uploads\/2025\/02\/cropped-logo-bez-tla-192x192.png 192w, https:\/\/cmentarzewielkiejwojny.pl\/wp-content\/uploads\/2025\/02\/cropped-logo-bez-tla-180x180.png 180w, https:\/\/cmentarzewielkiejwojny.pl\/wp-content\/uploads\/2025\/02\/cropped-logo-bez-tla-32x32.png 32w\" sizes=\"auto, (max-width: 512px) 100vw, 512px\" \/><figcaption class=\"wp-element-caption\">Cmentarze Wielkiej Wojny<\/figcaption><\/figure>\n<\/div>","protected":false},"excerpt":{"rendered":"<p>Bogdan Jezierski Na stra\u017cy pami\u0119ci poleg\u0142ych w Wielkiej Wojnie Moja misja dotyka samych fundament\u00f3w naszej to\u017csamo\u015bci \u2013 szacunku dla historii oraz ho\u0142du dla tych, kt\u00f3rzy oddali \u017cycie w czasie I wojny \u015bwiatowej. Ka\u017cdego dnia u\u015bwiadamiam sobie, jak kluczowa jest rola stra\u017cnika pami\u0119ci. Groby i cmentarze wojenne to niemi \u015bwiadkowie historii, miejsca spoczynku \u017co\u0142nierzy wielu narodowo\u015bci, &hellip; <\/p>\n<p class=\"link-more\"><a href=\"https:\/\/cmentarzewielkiejwojny.pl\/index.php\/o-nas\/\" class=\"more-link\">Czytaj dalej<span class=\"screen-reader-text\"> \u201eO mnie\u201d<\/span><\/a><\/p>\n","protected":false},"author":1,"featured_media":0,"parent":0,"menu_order":0,"comment_status":"closed","ping_status":"closed","template":"","meta":{"_uag_custom_page_level_css":"","footnotes":""},"class_list":["post-62","page","type-page","status-publish","hentry"],"uagb_featured_image_src":{"full":false,"thumbnail":false,"medium":false,"medium_large":false,"large":false,"1536x1536":false,"2048x2048":false,"twentyseventeen-featured-image":false,"twentyseventeen-thumbnail-avatar":false},"uagb_author_info":{"display_name":"admin","author_link":"https:\/\/cmentarzewielkiejwojny.pl\/index.php\/author\/cww\/"},"uagb_comment_info":0,"uagb_excerpt":"Bogdan Jezierski Na stra\u017cy pami\u0119ci poleg\u0142ych w Wielkiej Wojnie Moja misja dotyka samych fundament\u00f3w naszej to\u017csamo\u015bci \u2013 szacunku dla historii oraz ho\u0142du dla tych, kt\u00f3rzy oddali \u017cycie w czasie I wojny \u015bwiatowej. Ka\u017cdego dnia u\u015bwiadamiam sobie, jak kluczowa jest rola stra\u017cnika pami\u0119ci. Groby i cmentarze wojenne to niemi \u015bwiadkowie historii, miejsca spoczynku \u017co\u0142nierzy wielu narodowo\u015bci,&hellip;","_links":{"self":[{"href":"https:\/\/cmentarzewielkiejwojny.pl\/index.php\/wp-json\/wp\/v2\/pages\/62","targetHints":{"allow":["GET"]}}],"collection":[{"href":"https:\/\/cmentarzewielkiejwojny.pl\/index.php\/wp-json\/wp\/v2\/pages"}],"about":[{"href":"https:\/\/cmentarzewielkiejwojny.pl\/index.php\/wp-json\/wp\/v2\/types\/page"}],"author":[{"embeddable":true,"href":"https:\/\/cmentarzewielkiejwojny.pl\/index.php\/wp-json\/wp\/v2\/users\/1"}],"replies":[{"embeddable":true,"href":"https:\/\/cmentarzewielkiejwojny.pl\/index.php\/wp-json\/wp\/v2\/comments?post=62"}],"version-history":[{"count":17,"href":"https:\/\/cmentarzewielkiejwojny.pl\/index.php\/wp-json\/wp\/v2\/pages\/62\/revisions"}],"predecessor-version":[{"id":3811,"href":"https:\/\/cmentarzewielkiejwojny.pl\/index.php\/wp-json\/wp\/v2\/pages\/62\/revisions\/3811"}],"wp:attachment":[{"href":"https:\/\/cmentarzewielkiejwojny.pl\/index.php\/wp-json\/wp\/v2\/media?parent=62"}],"curies":[{"name":"wp","href":"https:\/\/api.w.org\/{rel}","templated":true}]}}