{"id":65,"date":"2025-02-08T15:41:53","date_gmt":"2025-02-08T15:41:53","guid":{"rendered":"https:\/\/cmentarzewielkiejwojny.pl\/?page_id=65"},"modified":"2025-09-07T17:51:45","modified_gmt":"2025-09-07T17:51:45","slug":"kontakt","status":"publish","type":"page","link":"https:\/\/cmentarzewielkiejwojny.pl\/index.php\/kontakt\/","title":{"rendered":"Kontakt"},"content":{"rendered":"\n<p>email: kontakt@cmentarzewielkiejwojny.pl<\/p>\n\n\n\n<p class=\"has-text-align-center\"><strong>Cmentarze Wielkiej Wojny<\/strong> <\/p>\n\n\n<div class=\"wp-block-image\">\n<figure class=\"aligncenter size-full is-resized\"><img loading=\"lazy\" decoding=\"async\" width=\"512\" height=\"512\" src=\"https:\/\/cmentarzewielkiejwojny.pl\/wp-content\/uploads\/2025\/02\/cropped-logo-bez-tla.png\" alt=\"\" class=\"wp-image-51\" style=\"width:164px;height:auto\" srcset=\"https:\/\/cmentarzewielkiejwojny.pl\/wp-content\/uploads\/2025\/02\/cropped-logo-bez-tla.png 512w, https:\/\/cmentarzewielkiejwojny.pl\/wp-content\/uploads\/2025\/02\/cropped-logo-bez-tla-300x300.png 300w, https:\/\/cmentarzewielkiejwojny.pl\/wp-content\/uploads\/2025\/02\/cropped-logo-bez-tla-150x150.png 150w, https:\/\/cmentarzewielkiejwojny.pl\/wp-content\/uploads\/2025\/02\/cropped-logo-bez-tla-100x100.png 100w, https:\/\/cmentarzewielkiejwojny.pl\/wp-content\/uploads\/2025\/02\/cropped-logo-bez-tla-270x270.png 270w, https:\/\/cmentarzewielkiejwojny.pl\/wp-content\/uploads\/2025\/02\/cropped-logo-bez-tla-192x192.png 192w, https:\/\/cmentarzewielkiejwojny.pl\/wp-content\/uploads\/2025\/02\/cropped-logo-bez-tla-180x180.png 180w, https:\/\/cmentarzewielkiejwojny.pl\/wp-content\/uploads\/2025\/02\/cropped-logo-bez-tla-32x32.png 32w\" sizes=\"auto, (max-width: 512px) 100vw, 512px\" \/><figcaption class=\"wp-element-caption\">Cmentarze Wielkiej Wojny<\/figcaption><\/figure>\n<\/div>\n\n\n<p class=\"has-small-font-size\"><strong>Wojew\u00f3dzki Urz\u0105d Ochrony Zabytk\u00f3w z\/s w Przemy\u015blu<\/strong> <a href=\"https:\/\/wuozprzemysl.pl\/\">https:\/\/wuozprzemysl.pl\/<\/a><\/p>\n\n\n\n<p class=\"has-small-font-size\"><strong>Wojew\u00f3dzki Urz\u0105d Ochrony Zabytk\u00f3w w Krakowie<\/strong> <a href=\"https:\/\/www.wuoz.malopolska.pl\/\">https:\/\/www.wuoz.malopolska.pl\/<\/a><\/p>\n\n\n\n<p class=\"has-small-font-size\"><strong>Ministerstwo Kultury i Dziedzictwa Narodowego<\/strong> <a href=\"https:\/\/www.gov.pl\/web\/kultura\">https:\/\/www.gov.pl\/web\/kultura<\/a><\/p>\n\n\n\n<p class=\"has-small-font-size\"><strong>Narodowy Instytut Dziedzictwa <\/strong><a href=\"https:\/\/nid.pl\/\">https:\/\/nid.pl\/<\/a><\/p>\n\n\n\n<p class=\"has-small-font-size\"><strong>Podkarpacki Urz\u0105d Wojew\u00f3dzki w Rzeszowie<\/strong> <a href=\"https:\/\/rzeszow.uw.gov.pl\/\">https:\/\/rzeszow.uw.gov.pl\/<\/a><\/p>\n\n\n\n<p class=\"has-small-font-size\"><strong>Ma\u0142opolski Urz\u0105d Wojew\u00f3dzki w Krakowie<\/strong> <a href=\"https:\/\/www.malopolska.uw.gov.pl\/\">https:\/\/www.malopolska.uw.gov.pl\/<\/a><\/p>\n","protected":false},"excerpt":{"rendered":"<p>email: kontakt@cmentarzewielkiejwojny.pl Cmentarze Wielkiej Wojny Wojew\u00f3dzki Urz\u0105d Ochrony Zabytk\u00f3w z\/s w Przemy\u015blu https:\/\/wuozprzemysl.pl\/ Wojew\u00f3dzki Urz\u0105d Ochrony Zabytk\u00f3w w Krakowie https:\/\/www.wuoz.malopolska.pl\/ Ministerstwo Kultury i Dziedzictwa Narodowego https:\/\/www.gov.pl\/web\/kultura Narodowy Instytut Dziedzictwa https:\/\/nid.pl\/ Podkarpacki Urz\u0105d Wojew\u00f3dzki w Rzeszowie https:\/\/rzeszow.uw.gov.pl\/ Ma\u0142opolski Urz\u0105d Wojew\u00f3dzki w Krakowie https:\/\/www.malopolska.uw.gov.pl\/<\/p>\n","protected":false},"author":1,"featured_media":0,"parent":0,"menu_order":0,"comment_status":"closed","ping_status":"closed","template":"","meta":{"_uag_custom_page_level_css":"","footnotes":""},"class_list":["post-65","page","type-page","status-publish","hentry"],"uagb_featured_image_src":{"full":false,"thumbnail":false,"medium":false,"medium_large":false,"large":false,"1536x1536":false,"2048x2048":false,"twentyseventeen-featured-image":false,"twentyseventeen-thumbnail-avatar":false},"uagb_author_info":{"display_name":"admin","author_link":"https:\/\/cmentarzewielkiejwojny.pl\/index.php\/author\/cww\/"},"uagb_comment_info":0,"uagb_excerpt":"email: kontakt@cmentarzewielkiejwojny.pl Cmentarze Wielkiej Wojny Wojew\u00f3dzki Urz\u0105d Ochrony Zabytk\u00f3w z\/s w Przemy\u015blu https:\/\/wuozprzemysl.pl\/ Wojew\u00f3dzki Urz\u0105d Ochrony Zabytk\u00f3w w Krakowie https:\/\/www.wuoz.malopolska.pl\/ Ministerstwo Kultury i Dziedzictwa Narodowego https:\/\/www.gov.pl\/web\/kultura Narodowy Instytut Dziedzictwa https:\/\/nid.pl\/ Podkarpacki Urz\u0105d Wojew\u00f3dzki w Rzeszowie https:\/\/rzeszow.uw.gov.pl\/ Ma\u0142opolski Urz\u0105d Wojew\u00f3dzki w Krakowie https:\/\/www.malopolska.uw.gov.pl\/","_links":{"self":[{"href":"https:\/\/cmentarzewielkiejwojny.pl\/index.php\/wp-json\/wp\/v2\/pages\/65","targetHints":{"allow":["GET"]}}],"collection":[{"href":"https:\/\/cmentarzewielkiejwojny.pl\/index.php\/wp-json\/wp\/v2\/pages"}],"about":[{"href":"https:\/\/cmentarzewielkiejwojny.pl\/index.php\/wp-json\/wp\/v2\/types\/page"}],"author":[{"embeddable":true,"href":"https:\/\/cmentarzewielkiejwojny.pl\/index.php\/wp-json\/wp\/v2\/users\/1"}],"replies":[{"embeddable":true,"href":"https:\/\/cmentarzewielkiejwojny.pl\/index.php\/wp-json\/wp\/v2\/comments?post=65"}],"version-history":[{"count":5,"href":"https:\/\/cmentarzewielkiejwojny.pl\/index.php\/wp-json\/wp\/v2\/pages\/65\/revisions"}],"predecessor-version":[{"id":2886,"href":"https:\/\/cmentarzewielkiejwojny.pl\/index.php\/wp-json\/wp\/v2\/pages\/65\/revisions\/2886"}],"wp:attachment":[{"href":"https:\/\/cmentarzewielkiejwojny.pl\/index.php\/wp-json\/wp\/v2\/media?parent=65"}],"curies":[{"name":"wp","href":"https:\/\/api.w.org\/{rel}","templated":true}]}}