{"id":873,"date":"2025-04-27T09:44:35","date_gmt":"2025-04-27T09:44:35","guid":{"rendered":"https:\/\/cmentarzewielkiejwojny.pl\/?page_id=873"},"modified":"2025-10-17T17:00:47","modified_gmt":"2025-10-17T17:00:47","slug":"cmentarz-wojenny-nr-12-jozefow-dobrynia","status":"publish","type":"page","link":"https:\/\/cmentarzewielkiejwojny.pl\/index.php\/okreg-ii-jaslo\/cmentarz-wojenny-nr-12-jozefow-dobrynia\/","title":{"rendered":"Cmentarz wojenny nr 12 J\u00f3zef\u00f3w &#8211; Dobrynia"},"content":{"rendered":"\n<p>woj. podkarpackie, pow. Jas\u0142o, gm. Nowy \u017bmigr\u00f3d&nbsp;<\/p>\n\n\n\n<p>Projekt: Johann J\u00e4ger<\/p>\n\n\n\n<p class=\"has-text-align-center\"><strong>Cmentarz nr 12 J\u00f3zef\u00f3w &#8211; Dobrynia<\/strong> z czterystu Zachodniogalicyjskich <strong>Cmentarzy Wielkiej Wojny<\/strong> <strong>Okr\u0119g I \u017bmigr\u00f3d<\/strong><\/p>\n\n\n<div class=\"wp-block-image\">\n<figure class=\"aligncenter size-full is-resized\"><img loading=\"lazy\" decoding=\"async\" width=\"1280\" height=\"755\" src=\"https:\/\/cmentarzewielkiejwojny.pl\/wp-content\/uploads\/2025\/09\/Cmentarz-nr-12-Cieklin-zdj.-arch.-Archiwum-Narodowe-Kraow.jpg\" alt=\"\" class=\"wp-image-2890\" style=\"width:346px;height:auto\"\/><\/figure>\n<\/div>\n\n\n<p class=\"has-text-align-center has-small-font-size\">zdj. plany, projekty archiwalne \u2013 Archiwum Narodowe Krak\u00f3w<\/p>\n\n\n\n<p><strong>Cmentarz nr 12 J\u00f3zef\u00f3w &#8211; Dobrynia<\/strong> jest na planie prostok\u0105ta o pow. 158 m2. Cmentarz stanowi w\u0142a\u015bciwie jedna wyd\u0142u\u017cona mogi\u0142a rz\u0119dowa (3,5 x 45 m) obudowana kamiennym murkiem, poszerzonym na ko\u0144cach i nakrytym p\u0142ytowym betonowym daszkiem. Mi\u0119dzy s\u0142upami ogrodzenia przykrytych kamiennymi p\u0142ytami s\u0105 metalowe rury.<\/p>\n\n\n\n<p>G\u0142\u00f3wnymi elementami s\u0105 du\u017ce, drewniane, dwuramienne krzy\u017ce. Na krzy\u017cach tabliczki memoratywne.<\/p>\n\n\n\n<p><em>\u201e\u2026Nie zachowa\u0142y si\u0119 \u017cadne elementy nagrobne i napisy. Ca\u0142y teren cmentarza g\u0119sto zakrzaczony i zaro\u015bni\u0119ty. Zachowa\u0142 si\u0119 jeden graniczny \u201eHV\u201d dzia\u0142ki cmentarza. W terenie nekropolia przedstawia si\u0119 jako k\u0119pa tarnin porastaj\u0105cych nieu\u017cytek lub miedz\u0119.&nbsp; \u2026\u201d(2)<\/em><\/p>\n\n\n\n<p>Na <strong>cmentarzu nr 12 J\u00f3zef\u00f3w &#8211; Dobrynia<\/strong> w 1 mogile zbiorowej spoczywa 50 \u017co\u0142nierzy rosyjskich. Znanych jest z imienia i nazwiska tylko jeden: Iwan Susurski z I.R. 83. Nie jest znana data \u015bmierci.<\/p>\n\n\n<div class=\"wp-block-image\">\n<figure class=\"aligncenter size-full is-resized\"><img loading=\"lazy\" decoding=\"async\" width=\"715\" height=\"1280\" src=\"https:\/\/cmentarzewielkiejwojny.pl\/wp-content\/uploads\/2025\/09\/Cmentarz-nr-12-Cieklin-plan-arch.-Archiwum-Narodowe-Krakow.jpg\" alt=\"\" class=\"wp-image-2889\" style=\"width:189px;height:auto\"\/><\/figure>\n<\/div>\n\n\n<p class=\"has-text-align-center has-small-font-size\">zdj. plany, projekty archiwalne \u2013 Archiwum Narodowe Krak\u00f3w<\/p>\n\n\n\n<p>Dojazd: jad\u0105c drog\u0105 D\u0119bowiec \u2013 Folusz skr\u0119camy w lewo do samotnego gospodarstwa. W polach ok. 200 m od gospodarstwa znajduje si\u0119 <strong>cmentarz nr 12 J\u00f3zef\u00f3w &#8211; Dobrynia<\/strong>. Dok\u0142adna lokalizacja GPS 49.645079, 21.413908<\/p>\n\n\n\n<p class=\"has-small-font-size\">(1) R. Broch, H. Hauptmann \u201eDie westgalizischen Heldengr\u00e4ber aus den Jahren des Weltkrieges 1914-1915\u201d Wien 1918&nbsp; \u2013 orygina\u0142 w prywatnych zbiorach B. Jezierski&nbsp;<\/p>\n\n\n\n<p class=\"has-small-font-size\">(2) Oktawian Duda \u201eCmentarze Wojenne z lat 1914 \u2013 1918 w Galicji Zachodniej Czas \u015awietno\u015bci i Czas Pogardy\u201d Nowy S\u0105cz 1977 \u2013 1987, maszynopis w prywatnych zbiorach B. Jezierski&nbsp;&nbsp;&nbsp;&nbsp;&nbsp;&nbsp;&nbsp;&nbsp;&nbsp;&nbsp;&nbsp;&nbsp;&nbsp;<\/p>\n\n\n\n<p class=\"has-small-font-size\">zdj.&nbsp; r\u00f3\u017cny okres \u2013 B. Jezierski<\/p>\n\n\n\t\t\t\t\t<div\n\t\t\t\t\t\tclass=\"wp-block-uagb-image-gallery uagb-block-640e0e94     \"\n\t\t\t\t\t\tstyle=\"\"\n\t\t\t\t\t>\n\t\t\t\t\t\t\t\t\t\t\t<div class=\"spectra-image-gallery spectra-image-gallery__layout--grid spectra-image-gallery__layout--grid-col-4 spectra-image-gallery__layout--grid-col-tab-3 spectra-image-gallery__layout--grid-col-mob-2\">\n\t\t\t\t\t\t\t\t\t\t\t<div class='spectra-image-gallery__media-wrapper' data-spectra-gallery-image-id='2900' tabindex=\"0\">\n\t\t\t\t\t\t\t<div class=\"spectra-image-gallery__media spectra-image-gallery__media--grid\">\n\t\t\t\t<picture>\n\t\t\t\t\t<source media=\"(min-width: 1024px)\" srcset=\"https:\/\/cmentarzewielkiejwojny.pl\/wp-content\/uploads\/2025\/09\/Cmentarz-nr-12-Cieklin-zdj.-B.-Jezierski.jpg\">\n\t\t\t\t\t<source media=\"(min-width: 768px)\" srcset=\"https:\/\/cmentarzewielkiejwojny.pl\/wp-content\/uploads\/2025\/09\/Cmentarz-nr-12-Cieklin-zdj.-B.-Jezierski.jpg\">\n\t\t\t\t\t<img decoding=\"async\" class=\"spectra-image-gallery__media-thumbnail spectra-image-gallery__media-thumbnail--grid\" src=\"https:\/\/cmentarzewielkiejwojny.pl\/wp-content\/uploads\/2025\/09\/Cmentarz-nr-12-Cieklin-zdj.-B.-Jezierski.jpg\" alt=\"\" loading=\"lazy\" \/>\n\t\t\t\t<\/picture>\n\t\t\t\t<div class=\"spectra-image-gallery__media-thumbnail-blurrer\"><\/div>\n\t\t\t\t\t\t\t\t\t\t\t<div class=\"spectra-image-gallery__media-thumbnail-caption-wrapper spectra-image-gallery__media-thumbnail-caption-wrapper--overlay\">\n\t\t\t\t\t\t\t\t\t\t\t<div class=\"spectra-image-gallery__media-thumbnail-caption spectra-image-gallery__media-thumbnail-caption--overlay\">\n\t\t\t\t\tBrak podpisu\t\t\t\t<\/div>\n\t\t\t\t\t\t\t\t\t\t<\/div>\n\t\t\t\t\t\t\t\t\t<\/div>\n\t\t\t\t\t\t<\/div>\n\t\t\t\t\t\t<div class='spectra-image-gallery__media-wrapper' data-spectra-gallery-image-id='2899' tabindex=\"0\">\n\t\t\t\t\t\t\t<div class=\"spectra-image-gallery__media spectra-image-gallery__media--grid\">\n\t\t\t\t<picture>\n\t\t\t\t\t<source media=\"(min-width: 1024px)\" srcset=\"https:\/\/cmentarzewielkiejwojny.pl\/wp-content\/uploads\/2025\/09\/Cmentarz-nr-12-Cieklin-zdj.-B.-Jezierski-3.jpg\">\n\t\t\t\t\t<source media=\"(min-width: 768px)\" srcset=\"https:\/\/cmentarzewielkiejwojny.pl\/wp-content\/uploads\/2025\/09\/Cmentarz-nr-12-Cieklin-zdj.-B.-Jezierski-3.jpg\">\n\t\t\t\t\t<img decoding=\"async\" class=\"spectra-image-gallery__media-thumbnail spectra-image-gallery__media-thumbnail--grid\" src=\"https:\/\/cmentarzewielkiejwojny.pl\/wp-content\/uploads\/2025\/09\/Cmentarz-nr-12-Cieklin-zdj.-B.-Jezierski-3.jpg\" alt=\"\" loading=\"lazy\" \/>\n\t\t\t\t<\/picture>\n\t\t\t\t<div class=\"spectra-image-gallery__media-thumbnail-blurrer\"><\/div>\n\t\t\t\t\t\t\t\t\t\t\t<div class=\"spectra-image-gallery__media-thumbnail-caption-wrapper spectra-image-gallery__media-thumbnail-caption-wrapper--overlay\">\n\t\t\t\t\t\t\t\t\t\t\t<div class=\"spectra-image-gallery__media-thumbnail-caption spectra-image-gallery__media-thumbnail-caption--overlay\">\n\t\t\t\t\tBrak podpisu\t\t\t\t<\/div>\n\t\t\t\t\t\t\t\t\t\t<\/div>\n\t\t\t\t\t\t\t\t\t<\/div>\n\t\t\t\t\t\t<\/div>\n\t\t\t\t\t\t<div class='spectra-image-gallery__media-wrapper' data-spectra-gallery-image-id='2898' tabindex=\"0\">\n\t\t\t\t\t\t\t<div class=\"spectra-image-gallery__media spectra-image-gallery__media--grid\">\n\t\t\t\t<picture>\n\t\t\t\t\t<source media=\"(min-width: 1024px)\" srcset=\"https:\/\/cmentarzewielkiejwojny.pl\/wp-content\/uploads\/2025\/09\/Cmentarz-nr-12-Cieklin-zdj.-B.-Jezierski-2.jpg\">\n\t\t\t\t\t<source media=\"(min-width: 768px)\" srcset=\"https:\/\/cmentarzewielkiejwojny.pl\/wp-content\/uploads\/2025\/09\/Cmentarz-nr-12-Cieklin-zdj.-B.-Jezierski-2.jpg\">\n\t\t\t\t\t<img decoding=\"async\" class=\"spectra-image-gallery__media-thumbnail spectra-image-gallery__media-thumbnail--grid\" src=\"https:\/\/cmentarzewielkiejwojny.pl\/wp-content\/uploads\/2025\/09\/Cmentarz-nr-12-Cieklin-zdj.-B.-Jezierski-2.jpg\" alt=\"\" loading=\"lazy\" \/>\n\t\t\t\t<\/picture>\n\t\t\t\t<div class=\"spectra-image-gallery__media-thumbnail-blurrer\"><\/div>\n\t\t\t\t\t\t\t\t\t\t\t<div class=\"spectra-image-gallery__media-thumbnail-caption-wrapper spectra-image-gallery__media-thumbnail-caption-wrapper--overlay\">\n\t\t\t\t\t\t\t\t\t\t\t<div class=\"spectra-image-gallery__media-thumbnail-caption spectra-image-gallery__media-thumbnail-caption--overlay\">\n\t\t\t\t\tBrak podpisu\t\t\t\t<\/div>\n\t\t\t\t\t\t\t\t\t\t<\/div>\n\t\t\t\t\t\t\t\t\t<\/div>\n\t\t\t\t\t\t<\/div>\n\t\t\t\t\t\t<div class='spectra-image-gallery__media-wrapper' data-spectra-gallery-image-id='2897' tabindex=\"0\">\n\t\t\t\t\t\t\t<div class=\"spectra-image-gallery__media spectra-image-gallery__media--grid\">\n\t\t\t\t<picture>\n\t\t\t\t\t<source media=\"(min-width: 1024px)\" srcset=\"https:\/\/cmentarzewielkiejwojny.pl\/wp-content\/uploads\/2025\/09\/Cmentarz-nr-12-Cieklin-zdj.-B.-Jezierski-1.jpg\">\n\t\t\t\t\t<source media=\"(min-width: 768px)\" srcset=\"https:\/\/cmentarzewielkiejwojny.pl\/wp-content\/uploads\/2025\/09\/Cmentarz-nr-12-Cieklin-zdj.-B.-Jezierski-1.jpg\">\n\t\t\t\t\t<img decoding=\"async\" class=\"spectra-image-gallery__media-thumbnail spectra-image-gallery__media-thumbnail--grid\" src=\"https:\/\/cmentarzewielkiejwojny.pl\/wp-content\/uploads\/2025\/09\/Cmentarz-nr-12-Cieklin-zdj.-B.-Jezierski-1.jpg\" alt=\"\" loading=\"lazy\" \/>\n\t\t\t\t<\/picture>\n\t\t\t\t<div class=\"spectra-image-gallery__media-thumbnail-blurrer\"><\/div>\n\t\t\t\t\t\t\t\t\t\t\t<div class=\"spectra-image-gallery__media-thumbnail-caption-wrapper spectra-image-gallery__media-thumbnail-caption-wrapper--overlay\">\n\t\t\t\t\t\t\t\t\t\t\t<div class=\"spectra-image-gallery__media-thumbnail-caption spectra-image-gallery__media-thumbnail-caption--overlay\">\n\t\t\t\t\tBrak podpisu\t\t\t\t<\/div>\n\t\t\t\t\t\t\t\t\t\t<\/div>\n\t\t\t\t\t\t\t\t\t<\/div>\n\t\t\t\t\t\t<\/div>\n\t\t\t\t\t\t\t\t\t\t<\/div>\n\t\t\t\t\t\t\t\t\t\t\t\t\t\t\t\t\t\t<\/div>\n\t\t\t\t\t\t\t\t\t\t\t<div class='spectra-image-gallery__control-lightbox' tabindex='0'>\n\t\t\t\t\t\t\t\t\t\t\t<div class=\"swiper spectra-image-gallery__control-lightbox--main\" dir=\"\">\n\t\t\t\t\t<div class=\"swiper-wrapper\">\n\t\t\t\t\t\t\t\t\t\t\t\t\t\n\t\t\t\t\t\t\t<div class=\"swiper-slide\">\n\t\t\t\t\t\t\t\t<img class=\"swiper-lazy\" data-src=\"https:\/\/cmentarzewielkiejwojny.pl\/wp-content\/uploads\/2025\/09\/Cmentarz-nr-12-Cieklin-zdj.-B.-Jezierski.jpg\" alt=\"\"\/>\n\t\t\t\t\t\t\t\t<div class=\"swiper-lazy-preloader swiper-lazy-preloader-white\"><\/div>\n\t\t\t\t\t\t\t\t\t\t\t\t\t\t\t<\/div>\n\t\t\t\t\t\t\t\t\t\t\t\t\t\n\t\t\t\t\t\t\t<div class=\"swiper-slide\">\n\t\t\t\t\t\t\t\t<img class=\"swiper-lazy\" data-src=\"https:\/\/cmentarzewielkiejwojny.pl\/wp-content\/uploads\/2025\/09\/Cmentarz-nr-12-Cieklin-zdj.-B.-Jezierski-3.jpg\" alt=\"\"\/>\n\t\t\t\t\t\t\t\t<div class=\"swiper-lazy-preloader swiper-lazy-preloader-white\"><\/div>\n\t\t\t\t\t\t\t\t\t\t\t\t\t\t\t<\/div>\n\t\t\t\t\t\t\t\t\t\t\t\t\t\n\t\t\t\t\t\t\t<div class=\"swiper-slide\">\n\t\t\t\t\t\t\t\t<img class=\"swiper-lazy\" data-src=\"https:\/\/cmentarzewielkiejwojny.pl\/wp-content\/uploads\/2025\/09\/Cmentarz-nr-12-Cieklin-zdj.-B.-Jezierski-2.jpg\" alt=\"\"\/>\n\t\t\t\t\t\t\t\t<div class=\"swiper-lazy-preloader swiper-lazy-preloader-white\"><\/div>\n\t\t\t\t\t\t\t\t\t\t\t\t\t\t\t<\/div>\n\t\t\t\t\t\t\t\t\t\t\t\t\t\n\t\t\t\t\t\t\t<div class=\"swiper-slide\">\n\t\t\t\t\t\t\t\t<img class=\"swiper-lazy\" data-src=\"https:\/\/cmentarzewielkiejwojny.pl\/wp-content\/uploads\/2025\/09\/Cmentarz-nr-12-Cieklin-zdj.-B.-Jezierski-1.jpg\" alt=\"\"\/>\n\t\t\t\t\t\t\t\t<div class=\"swiper-lazy-preloader swiper-lazy-preloader-white\"><\/div>\n\t\t\t\t\t\t\t\t\t\t\t\t\t\t\t<\/div>\n\t\t\t\t\t\t\t\t\t\t\t<\/div>\n\t\t\t\t\t<div class=\"swiper-button-next\"><\/div>\n\t\t\t\t\t<div class=\"swiper-button-prev\"><\/div>\n\t\t\t\t<\/div>\t\t\t\n\t\t\t\t\t\t\t\t\t\t\t\t\t\t\t\t\t\t\t\t\t\t\t\t\t\t\t\t\t\t\t\t<button class='spectra-image-gallery__control-lightbox--close' aria-label=\"Close\">\n\t\t\t\t\t\t\t\t\t\t\t\t\t<svg xmlns=\"https:\/\/www.w3.org\/2000\/svg\" viewBox= \"0 0 320 512\"><path d=\"M310.6 361.4c12.5 12.5 12.5 32.75 0 45.25C304.4 412.9 296.2 416 288 416s-16.38-3.125-22.62-9.375L160 301.3L54.63 406.6C48.38 412.9 40.19 416 32 416S15.63 412.9 9.375 406.6c-12.5-12.5-12.5-32.75 0-45.25l105.4-105.4L9.375 150.6c-12.5-12.5-12.5-32.75 0-45.25s32.75-12.5 45.25 0L160 210.8l105.4-105.4c12.5-12.5 32.75-12.5 45.25 0s12.5 32.75 0 45.25l-105.4 105.4L310.6 361.4z\"><\/path><\/svg>\n\t\t\t\t\t\t\t\t\t\t\t\t<\/button>\n\t\t\t\t\t\t\t\t\t\t\t\t\t<\/div>\n\t\t\t\t\t\t\t\t\t\n\n\n<p class=\"has-small-font-size\">zdj. archiwalne &#8211; Roman Frodyma \u2013 w prywatnych zbiorach B. Jezierski<\/p>\n\n\n\t\t\t\t\t<div\n\t\t\t\t\t\tclass=\"wp-block-uagb-image-gallery uagb-block-af512c4f     \"\n\t\t\t\t\t\tstyle=\"\"\n\t\t\t\t\t>\n\t\t\t\t\t\t\t\t\t\t\t<div class=\"spectra-image-gallery spectra-image-gallery__layout--grid spectra-image-gallery__layout--grid-col-4 spectra-image-gallery__layout--grid-col-tab-3 spectra-image-gallery__layout--grid-col-mob-2\">\n\t\t\t\t\t\t\t\t\t\t\t<div class='spectra-image-gallery__media-wrapper' data-spectra-gallery-image-id='2896' tabindex=\"0\">\n\t\t\t\t\t\t\t<div class=\"spectra-image-gallery__media spectra-image-gallery__media--grid\">\n\t\t\t\t<picture>\n\t\t\t\t\t<source media=\"(min-width: 1024px)\" srcset=\"https:\/\/cmentarzewielkiejwojny.pl\/wp-content\/uploads\/2025\/09\/Cmentarz-nr-12-Cieklin-zdj.-arch.-R.-Frodyma.jpg\">\n\t\t\t\t\t<source media=\"(min-width: 768px)\" srcset=\"https:\/\/cmentarzewielkiejwojny.pl\/wp-content\/uploads\/2025\/09\/Cmentarz-nr-12-Cieklin-zdj.-arch.-R.-Frodyma.jpg\">\n\t\t\t\t\t<img decoding=\"async\" class=\"spectra-image-gallery__media-thumbnail spectra-image-gallery__media-thumbnail--grid\" src=\"https:\/\/cmentarzewielkiejwojny.pl\/wp-content\/uploads\/2025\/09\/Cmentarz-nr-12-Cieklin-zdj.-arch.-R.-Frodyma.jpg\" alt=\"\" loading=\"lazy\" \/>\n\t\t\t\t<\/picture>\n\t\t\t\t<div class=\"spectra-image-gallery__media-thumbnail-blurrer\"><\/div>\n\t\t\t\t\t\t\t\t\t\t\t<div class=\"spectra-image-gallery__media-thumbnail-caption-wrapper spectra-image-gallery__media-thumbnail-caption-wrapper--overlay\">\n\t\t\t\t\t\t\t\t\t\t\t<div class=\"spectra-image-gallery__media-thumbnail-caption spectra-image-gallery__media-thumbnail-caption--overlay\">\n\t\t\t\t\tBrak podpisu\t\t\t\t<\/div>\n\t\t\t\t\t\t\t\t\t\t<\/div>\n\t\t\t\t\t\t\t\t\t<\/div>\n\t\t\t\t\t\t<\/div>\n\t\t\t\t\t\t<div class='spectra-image-gallery__media-wrapper' data-spectra-gallery-image-id='2894' tabindex=\"0\">\n\t\t\t\t\t\t\t<div class=\"spectra-image-gallery__media spectra-image-gallery__media--grid\">\n\t\t\t\t<picture>\n\t\t\t\t\t<source media=\"(min-width: 1024px)\" srcset=\"https:\/\/cmentarzewielkiejwojny.pl\/wp-content\/uploads\/2025\/09\/Cmentarz-nr-12-Cieklin-zdj.-arch.-R.-Frodyma-5.jpg\">\n\t\t\t\t\t<source media=\"(min-width: 768px)\" srcset=\"https:\/\/cmentarzewielkiejwojny.pl\/wp-content\/uploads\/2025\/09\/Cmentarz-nr-12-Cieklin-zdj.-arch.-R.-Frodyma-5.jpg\">\n\t\t\t\t\t<img decoding=\"async\" class=\"spectra-image-gallery__media-thumbnail spectra-image-gallery__media-thumbnail--grid\" src=\"https:\/\/cmentarzewielkiejwojny.pl\/wp-content\/uploads\/2025\/09\/Cmentarz-nr-12-Cieklin-zdj.-arch.-R.-Frodyma-5.jpg\" alt=\"\" loading=\"lazy\" \/>\n\t\t\t\t<\/picture>\n\t\t\t\t<div class=\"spectra-image-gallery__media-thumbnail-blurrer\"><\/div>\n\t\t\t\t\t\t\t\t\t\t\t<div class=\"spectra-image-gallery__media-thumbnail-caption-wrapper spectra-image-gallery__media-thumbnail-caption-wrapper--overlay\">\n\t\t\t\t\t\t\t\t\t\t\t<div class=\"spectra-image-gallery__media-thumbnail-caption spectra-image-gallery__media-thumbnail-caption--overlay\">\n\t\t\t\t\tBrak podpisu\t\t\t\t<\/div>\n\t\t\t\t\t\t\t\t\t\t<\/div>\n\t\t\t\t\t\t\t\t\t<\/div>\n\t\t\t\t\t\t<\/div>\n\t\t\t\t\t\t<div class='spectra-image-gallery__media-wrapper' data-spectra-gallery-image-id='2892' tabindex=\"0\">\n\t\t\t\t\t\t\t<div class=\"spectra-image-gallery__media spectra-image-gallery__media--grid\">\n\t\t\t\t<picture>\n\t\t\t\t\t<source media=\"(min-width: 1024px)\" srcset=\"https:\/\/cmentarzewielkiejwojny.pl\/wp-content\/uploads\/2025\/09\/Cmentarz-nr-12-Cieklin-zdj.-arch.-R.-Frodyma-3.jpg\">\n\t\t\t\t\t<source media=\"(min-width: 768px)\" srcset=\"https:\/\/cmentarzewielkiejwojny.pl\/wp-content\/uploads\/2025\/09\/Cmentarz-nr-12-Cieklin-zdj.-arch.-R.-Frodyma-3.jpg\">\n\t\t\t\t\t<img decoding=\"async\" class=\"spectra-image-gallery__media-thumbnail spectra-image-gallery__media-thumbnail--grid\" src=\"https:\/\/cmentarzewielkiejwojny.pl\/wp-content\/uploads\/2025\/09\/Cmentarz-nr-12-Cieklin-zdj.-arch.-R.-Frodyma-3.jpg\" alt=\"\" loading=\"lazy\" \/>\n\t\t\t\t<\/picture>\n\t\t\t\t<div class=\"spectra-image-gallery__media-thumbnail-blurrer\"><\/div>\n\t\t\t\t\t\t\t\t\t\t\t<div class=\"spectra-image-gallery__media-thumbnail-caption-wrapper spectra-image-gallery__media-thumbnail-caption-wrapper--overlay\">\n\t\t\t\t\t\t\t\t\t\t\t<div class=\"spectra-image-gallery__media-thumbnail-caption spectra-image-gallery__media-thumbnail-caption--overlay\">\n\t\t\t\t\tBrak podpisu\t\t\t\t<\/div>\n\t\t\t\t\t\t\t\t\t\t<\/div>\n\t\t\t\t\t\t\t\t\t<\/div>\n\t\t\t\t\t\t<\/div>\n\t\t\t\t\t\t<div class='spectra-image-gallery__media-wrapper' data-spectra-gallery-image-id='2891' tabindex=\"0\">\n\t\t\t\t\t\t\t<div class=\"spectra-image-gallery__media spectra-image-gallery__media--grid\">\n\t\t\t\t<picture>\n\t\t\t\t\t<source media=\"(min-width: 1024px)\" srcset=\"https:\/\/cmentarzewielkiejwojny.pl\/wp-content\/uploads\/2025\/09\/Cmentarz-nr-12-Cieklin-zdj.-arch.-R.-Frodyma-2.jpg\">\n\t\t\t\t\t<source media=\"(min-width: 768px)\" srcset=\"https:\/\/cmentarzewielkiejwojny.pl\/wp-content\/uploads\/2025\/09\/Cmentarz-nr-12-Cieklin-zdj.-arch.-R.-Frodyma-2.jpg\">\n\t\t\t\t\t<img decoding=\"async\" class=\"spectra-image-gallery__media-thumbnail spectra-image-gallery__media-thumbnail--grid\" src=\"https:\/\/cmentarzewielkiejwojny.pl\/wp-content\/uploads\/2025\/09\/Cmentarz-nr-12-Cieklin-zdj.-arch.-R.-Frodyma-2.jpg\" alt=\"\" loading=\"lazy\" \/>\n\t\t\t\t<\/picture>\n\t\t\t\t<div class=\"spectra-image-gallery__media-thumbnail-blurrer\"><\/div>\n\t\t\t\t\t\t\t\t\t\t\t<div class=\"spectra-image-gallery__media-thumbnail-caption-wrapper spectra-image-gallery__media-thumbnail-caption-wrapper--overlay\">\n\t\t\t\t\t\t\t\t\t\t\t<div class=\"spectra-image-gallery__media-thumbnail-caption spectra-image-gallery__media-thumbnail-caption--overlay\">\n\t\t\t\t\tBrak podpisu\t\t\t\t<\/div>\n\t\t\t\t\t\t\t\t\t\t<\/div>\n\t\t\t\t\t\t\t\t\t<\/div>\n\t\t\t\t\t\t<\/div>\n\t\t\t\t\t\t\t\t\t\t<\/div>\n\t\t\t\t\t\t\t\t\t\t\t\t\t\t\t\t\t\t<\/div>\n\t\t\t\t\t\t\t\t\t\t\t<div class='spectra-image-gallery__control-lightbox' tabindex='0'>\n\t\t\t\t\t\t\t\t\t\t\t<div class=\"swiper spectra-image-gallery__control-lightbox--main\" dir=\"\">\n\t\t\t\t\t<div class=\"swiper-wrapper\">\n\t\t\t\t\t\t\t\t\t\t\t\t\t\n\t\t\t\t\t\t\t<div class=\"swiper-slide\">\n\t\t\t\t\t\t\t\t<img class=\"swiper-lazy\" data-src=\"https:\/\/cmentarzewielkiejwojny.pl\/wp-content\/uploads\/2025\/09\/Cmentarz-nr-12-Cieklin-zdj.-arch.-R.-Frodyma.jpg\" alt=\"\"\/>\n\t\t\t\t\t\t\t\t<div class=\"swiper-lazy-preloader swiper-lazy-preloader-white\"><\/div>\n\t\t\t\t\t\t\t\t\t\t\t\t\t\t\t<\/div>\n\t\t\t\t\t\t\t\t\t\t\t\t\t\n\t\t\t\t\t\t\t<div class=\"swiper-slide\">\n\t\t\t\t\t\t\t\t<img class=\"swiper-lazy\" data-src=\"https:\/\/cmentarzewielkiejwojny.pl\/wp-content\/uploads\/2025\/09\/Cmentarz-nr-12-Cieklin-zdj.-arch.-R.-Frodyma-5.jpg\" alt=\"\"\/>\n\t\t\t\t\t\t\t\t<div class=\"swiper-lazy-preloader swiper-lazy-preloader-white\"><\/div>\n\t\t\t\t\t\t\t\t\t\t\t\t\t\t\t<\/div>\n\t\t\t\t\t\t\t\t\t\t\t\t\t\n\t\t\t\t\t\t\t<div class=\"swiper-slide\">\n\t\t\t\t\t\t\t\t<img class=\"swiper-lazy\" data-src=\"https:\/\/cmentarzewielkiejwojny.pl\/wp-content\/uploads\/2025\/09\/Cmentarz-nr-12-Cieklin-zdj.-arch.-R.-Frodyma-3.jpg\" alt=\"\"\/>\n\t\t\t\t\t\t\t\t<div class=\"swiper-lazy-preloader swiper-lazy-preloader-white\"><\/div>\n\t\t\t\t\t\t\t\t\t\t\t\t\t\t\t<\/div>\n\t\t\t\t\t\t\t\t\t\t\t\t\t\n\t\t\t\t\t\t\t<div class=\"swiper-slide\">\n\t\t\t\t\t\t\t\t<img class=\"swiper-lazy\" data-src=\"https:\/\/cmentarzewielkiejwojny.pl\/wp-content\/uploads\/2025\/09\/Cmentarz-nr-12-Cieklin-zdj.-arch.-R.-Frodyma-2.jpg\" alt=\"\"\/>\n\t\t\t\t\t\t\t\t<div class=\"swiper-lazy-preloader swiper-lazy-preloader-white\"><\/div>\n\t\t\t\t\t\t\t\t\t\t\t\t\t\t\t<\/div>\n\t\t\t\t\t\t\t\t\t\t\t<\/div>\n\t\t\t\t\t<div class=\"swiper-button-next\"><\/div>\n\t\t\t\t\t<div class=\"swiper-button-prev\"><\/div>\n\t\t\t\t<\/div>\t\t\t\n\t\t\t\t\t\t\t\t\t\t\t\t\t\t\t\t\t\t\t\t\t\t\t\t\t\t\t\t\t\t\t\t<button class='spectra-image-gallery__control-lightbox--close' aria-label=\"Close\">\n\t\t\t\t\t\t\t\t\t\t\t\t\t<svg xmlns=\"https:\/\/www.w3.org\/2000\/svg\" viewBox= \"0 0 320 512\"><path d=\"M310.6 361.4c12.5 12.5 12.5 32.75 0 45.25C304.4 412.9 296.2 416 288 416s-16.38-3.125-22.62-9.375L160 301.3L54.63 406.6C48.38 412.9 40.19 416 32 416S15.63 412.9 9.375 406.6c-12.5-12.5-12.5-32.75 0-45.25l105.4-105.4L9.375 150.6c-12.5-12.5-12.5-32.75 0-45.25s32.75-12.5 45.25 0L160 210.8l105.4-105.4c12.5-12.5 32.75-12.5 45.25 0s12.5 32.75 0 45.25l-105.4 105.4L310.6 361.4z\"><\/path><\/svg>\n\t\t\t\t\t\t\t\t\t\t\t\t<\/button>\n\t\t\t\t\t\t\t\t\t\t\t\t\t<\/div>\n\t\t\t\t\t\t\t\t\t\n\n\n<p class=\"has-text-align-center has-medium-font-size\"><strong>Cmentarze Wielkiej Wojny<\/strong><\/p>\n\n\n<div class=\"wp-block-image\">\n<figure class=\"aligncenter size-full is-resized\"><img loading=\"lazy\" decoding=\"async\" width=\"512\" height=\"512\" src=\"https:\/\/cmentarzewielkiejwojny.pl\/wp-content\/uploads\/2025\/02\/cropped-logo-bez-tla.png\" alt=\"\" class=\"wp-image-51\" style=\"width:161px;height:auto\" srcset=\"https:\/\/cmentarzewielkiejwojny.pl\/wp-content\/uploads\/2025\/02\/cropped-logo-bez-tla.png 512w, https:\/\/cmentarzewielkiejwojny.pl\/wp-content\/uploads\/2025\/02\/cropped-logo-bez-tla-300x300.png 300w, https:\/\/cmentarzewielkiejwojny.pl\/wp-content\/uploads\/2025\/02\/cropped-logo-bez-tla-150x150.png 150w, https:\/\/cmentarzewielkiejwojny.pl\/wp-content\/uploads\/2025\/02\/cropped-logo-bez-tla-100x100.png 100w, https:\/\/cmentarzewielkiejwojny.pl\/wp-content\/uploads\/2025\/02\/cropped-logo-bez-tla-270x270.png 270w, https:\/\/cmentarzewielkiejwojny.pl\/wp-content\/uploads\/2025\/02\/cropped-logo-bez-tla-192x192.png 192w, https:\/\/cmentarzewielkiejwojny.pl\/wp-content\/uploads\/2025\/02\/cropped-logo-bez-tla-180x180.png 180w, https:\/\/cmentarzewielkiejwojny.pl\/wp-content\/uploads\/2025\/02\/cropped-logo-bez-tla-32x32.png 32w\" sizes=\"auto, (max-width: 512px) 100vw, 512px\" \/><figcaption class=\"wp-element-caption\">Cmentarze Wielkiej Wojny<\/figcaption><\/figure>\n<\/div>","protected":false},"excerpt":{"rendered":"<p>woj. podkarpackie, pow. Jas\u0142o, gm. Nowy \u017bmigr\u00f3d&nbsp; Projekt: Johann J\u00e4ger Cmentarz nr 12 J\u00f3zef\u00f3w &#8211; Dobrynia z czterystu Zachodniogalicyjskich Cmentarzy Wielkiej Wojny Okr\u0119g I \u017bmigr\u00f3d zdj. plany, projekty archiwalne \u2013 Archiwum Narodowe Krak\u00f3w Cmentarz nr 12 J\u00f3zef\u00f3w &#8211; Dobrynia jest na planie prostok\u0105ta o pow. 158 m2. Cmentarz stanowi w\u0142a\u015bciwie jedna wyd\u0142u\u017cona mogi\u0142a rz\u0119dowa (3,5 &hellip; <\/p>\n<p class=\"link-more\"><a href=\"https:\/\/cmentarzewielkiejwojny.pl\/index.php\/okreg-ii-jaslo\/cmentarz-wojenny-nr-12-jozefow-dobrynia\/\" class=\"more-link\">Czytaj dalej<span class=\"screen-reader-text\"> \u201eCmentarz wojenny nr 12 J\u00f3zef\u00f3w &#8211; Dobrynia\u201d<\/span><\/a><\/p>\n","protected":false},"author":1,"featured_media":2900,"parent":105,"menu_order":0,"comment_status":"closed","ping_status":"closed","template":"","meta":{"_uag_custom_page_level_css":"","footnotes":""},"class_list":["post-873","page","type-page","status-publish","has-post-thumbnail","hentry"],"uagb_featured_image_src":{"full":["https:\/\/cmentarzewielkiejwojny.pl\/wp-content\/uploads\/2025\/09\/Cmentarz-nr-12-Cieklin-zdj.-B.-Jezierski.jpg",1066,1280,false],"thumbnail":["https:\/\/cmentarzewielkiejwojny.pl\/wp-content\/uploads\/2025\/09\/Cmentarz-nr-12-Cieklin-zdj.-B.-Jezierski.jpg",125,150,false],"medium":["https:\/\/cmentarzewielkiejwojny.pl\/wp-content\/uploads\/2025\/09\/Cmentarz-nr-12-Cieklin-zdj.-B.-Jezierski.jpg",250,300,false],"medium_large":["https:\/\/cmentarzewielkiejwojny.pl\/wp-content\/uploads\/2025\/09\/Cmentarz-nr-12-Cieklin-zdj.-B.-Jezierski.jpg",525,630,false],"large":["https:\/\/cmentarzewielkiejwojny.pl\/wp-content\/uploads\/2025\/09\/Cmentarz-nr-12-Cieklin-zdj.-B.-Jezierski.jpg",525,630,false],"1536x1536":["https:\/\/cmentarzewielkiejwojny.pl\/wp-content\/uploads\/2025\/09\/Cmentarz-nr-12-Cieklin-zdj.-B.-Jezierski.jpg",1066,1280,false],"2048x2048":["https:\/\/cmentarzewielkiejwojny.pl\/wp-content\/uploads\/2025\/09\/Cmentarz-nr-12-Cieklin-zdj.-B.-Jezierski.jpg",1066,1280,false],"twentyseventeen-featured-image":["https:\/\/cmentarzewielkiejwojny.pl\/wp-content\/uploads\/2025\/09\/Cmentarz-nr-12-Cieklin-zdj.-B.-Jezierski.jpg",999,1200,false],"twentyseventeen-thumbnail-avatar":["https:\/\/cmentarzewielkiejwojny.pl\/wp-content\/uploads\/2025\/09\/Cmentarz-nr-12-Cieklin-zdj.-B.-Jezierski.jpg",83,100,false]},"uagb_author_info":{"display_name":"admin","author_link":"https:\/\/cmentarzewielkiejwojny.pl\/index.php\/author\/cww\/"},"uagb_comment_info":0,"uagb_excerpt":"woj. podkarpackie, pow. Jas\u0142o, gm. Nowy \u017bmigr\u00f3d&nbsp; Projekt: Johann J\u00e4ger Cmentarz nr 12 J\u00f3zef\u00f3w &#8211; Dobrynia z czterystu Zachodniogalicyjskich Cmentarzy Wielkiej Wojny Okr\u0119g I \u017bmigr\u00f3d zdj. plany, projekty archiwalne \u2013 Archiwum Narodowe Krak\u00f3w Cmentarz nr 12 J\u00f3zef\u00f3w &#8211; Dobrynia jest na planie prostok\u0105ta o pow. 158 m2. Cmentarz stanowi w\u0142a\u015bciwie jedna wyd\u0142u\u017cona mogi\u0142a rz\u0119dowa (3,5&hellip;","_links":{"self":[{"href":"https:\/\/cmentarzewielkiejwojny.pl\/index.php\/wp-json\/wp\/v2\/pages\/873","targetHints":{"allow":["GET"]}}],"collection":[{"href":"https:\/\/cmentarzewielkiejwojny.pl\/index.php\/wp-json\/wp\/v2\/pages"}],"about":[{"href":"https:\/\/cmentarzewielkiejwojny.pl\/index.php\/wp-json\/wp\/v2\/types\/page"}],"author":[{"embeddable":true,"href":"https:\/\/cmentarzewielkiejwojny.pl\/index.php\/wp-json\/wp\/v2\/users\/1"}],"replies":[{"embeddable":true,"href":"https:\/\/cmentarzewielkiejwojny.pl\/index.php\/wp-json\/wp\/v2\/comments?post=873"}],"version-history":[{"count":5,"href":"https:\/\/cmentarzewielkiejwojny.pl\/index.php\/wp-json\/wp\/v2\/pages\/873\/revisions"}],"predecessor-version":[{"id":3514,"href":"https:\/\/cmentarzewielkiejwojny.pl\/index.php\/wp-json\/wp\/v2\/pages\/873\/revisions\/3514"}],"up":[{"embeddable":true,"href":"https:\/\/cmentarzewielkiejwojny.pl\/index.php\/wp-json\/wp\/v2\/pages\/105"}],"wp:featuredmedia":[{"embeddable":true,"href":"https:\/\/cmentarzewielkiejwojny.pl\/index.php\/wp-json\/wp\/v2\/media\/2900"}],"wp:attachment":[{"href":"https:\/\/cmentarzewielkiejwojny.pl\/index.php\/wp-json\/wp\/v2\/media?parent=873"}],"curies":[{"name":"wp","href":"https:\/\/api.w.org\/{rel}","templated":true}]}}